{"id":10670,"date":"2019-10-05T12:49:00","date_gmt":"2019-10-05T12:49:00","guid":{"rendered":"https:\/\/paperandkraft.com\/shop\/?post_type=product&#038;p=10670"},"modified":"2021-02-28T21:39:30","modified_gmt":"2021-02-28T21:39:30","slug":"faire-part-mariage-jungle","status":"publish","type":"product","link":"https:\/\/paperandkraft.com\/shop\/produit\/faire-part-mariage-jungle\/","title":{"rendered":"Faire-part mariage Jungle"},"content":{"rendered":"<h4>Est-ce que vous voulez organiser un mariage \u00e9xotique\u00a0 ?<\/h4>\n<p>Enfants vous avez ador\u00e9s le livre de la jungle et vous avez d\u00e9cid\u00e9 que votre mariage serait diff\u00e9rent de celui des autres et que vous vouliez vous d\u00e9marquer avec un th\u00e8me atypique. Vous r\u00eavez d&#8217;un voyage en Afrique \u00e0 la d\u00e9couverte de sa faune sauvage ? alors ce th\u00e8me est fait pour vous !<\/p>\n<h4><strong>Pourquoi choisir le faire-part mariage jungle ?<\/strong><\/h4>\n<p>Les cartes d&#8217;invitations sont le miroir de ce que vous voulez faire comme mariage. Aussi, <strong>les faire-part vont mettre en avant votre d\u00e9sir de diff\u00e9rence.<\/strong> Votre couple veut organiser un mariage diff\u00e9rent, color\u00e9 tout en contraste avec les traditionnelles c\u00e9r\u00e9monies, Il doit respirer votre envie de voyage et d&#8217;exotisme&#8230;<\/p>\n<p><strong>Le mod\u00e8le de faire-part \u00abJungle \u00bb est un v\u00e9ritable billet pour l&#8217;aventure<\/strong>. Assur\u00e9ment color\u00e9,<strong> original et th\u00e9matis\u00e9<\/strong> ce faire-part annoncera avec exotisme votre mariage. Les textes que vous aurez imaginez le rendront unique. Avec vous nous l&#8217;ornerons de merveilleuses illustrations tr\u00e8s jungle et nous vous proposerons une mise en page a\u00e9r\u00e9e et diff\u00e9rente<strong> afin que votre faire-part de mariage th\u00e8me jungle vous ressemble<\/strong>.<\/p>\n<h4>Un mariage chamarr\u00e9\u00a0et exotique, mais aussi \u00e9coresponsable<\/h4>\n<p>Chez Paper and Kraft nous r\u00e9alisons<b> nos faire-part de fa\u00e7on \u00e9cologique. Nous utilisons des papiers recycl\u00e9s<\/b>. Pour la couverture c&#8217;est le<strong> papier Kraft qui apportera une r\u00e9elle douceur. Vous<\/strong> aimerez le <b>design unique, color\u00e9 et tr\u00e8s exotique de ce faire-part.<\/b><\/p>\n<p>Avec le faire-part mariage th\u00e8me jungle vous \u00eates assur\u00e9s de cr\u00e9er un \u00e9v\u00e9nement dont vos invit\u00e9s se souviendront.<\/p>\n<p>&nbsp;<\/p>\n","protected":false},"excerpt":{"rendered":"<p style=\"text-align: center;\"><a href=\"https:\/\/paperandkraft.com\/shop\/votre-maquette-mariage-gratuite\/?nom_du_modele=Jungle\" target=\"blank\" class=\"button secondary is-secondary is-medium hide-for-small\" >\n\t\t<span>Je demande ma maquette gratuite<\/span>\n\t<\/a>\n\n<a href=\"https:\/\/paperandkraft.com\/shop\/votre-maquette-mariage-gratuite\/?nom_du_modele=Jungles\" target=\"_blank\" class=\"button secondary is-medium expand sticky-footer-button show-for-small\" rel=\"noopener\" >\n\t\t<span>Je demande<br \/>\nma maquette gratuite<\/span>\n\t<\/a>\n\n","protected":false},"featured_media":16706,"comment_status":"open","ping_status":"closed","template":"","meta":{"_acf_changed":false,"inline_featured_image":false},"product_brand":[],"product_cat":[230,228,14,26,15,114],"product_tag":[],"class_list":{"0":"post-10670","1":"product","2":"type-product","3":"status-publish","4":"has-post-thumbnail","6":"product_cat-faire-part-creatif-mariage","7":"product_cat-faire-part-mariage-nature","8":"product_cat-faire-part-mariage-theme-champetre","9":"product_cat-faire-part-mariage-kraft","10":"product_cat-faire-part-mariage-theme-voyage","11":"product_cat-collection-atelier","13":"first","14":"instock","15":"taxable","16":"shipping-taxable","17":"purchasable","18":"product-type-simple"},"acf":[],"yoast_head":"<!-- This site is optimized with the Yoast SEO Premium plugin v24.6 (Yoast SEO v27.4) - https:\/\/yoast.com\/product\/yoast-seo-premium-wordpress\/ -->\n<title>faire-part de mariage theme jungle<\/title>\n<meta name=\"description\" content=\"Faire-part de mariage sur le th\u00e8me de la jungle qui conviendra parfaitement aux amateurs de la nature exotique et du safari. Ambiance d\u2019un mariage jungle tropical et color\u00e9 pour ce faire-part en papier recycl\u00e9\" \/>\n<meta name=\"robots\" content=\"index, follow, max-snippet:-1, max-image-preview:large, max-video-preview:-1\" \/>\n<link rel=\"canonical\" href=\"https:\/\/paperandkraft.com\/shop\/produit\/faire-part-mariage-jungle\/\" \/>\n<meta property=\"og:locale\" content=\"fr_FR\" \/>\n<meta property=\"og:type\" content=\"article\" \/>\n<meta property=\"og:title\" content=\"Faire-part mariage Jungle\" \/>\n<meta property=\"og:url\" content=\"https:\/\/paperandkraft.com\/shop\/produit\/faire-part-mariage-jungle\/\" \/>\n<meta property=\"og:site_name\" content=\"PaperAndKraft\" \/>\n<meta property=\"article:publisher\" content=\"https:\/\/www.facebook.com\/paperandkraft\" \/>\n<meta property=\"article:modified_time\" content=\"2021-02-28T21:39:30+00:00\" \/>\n<meta property=\"og:image\" content=\"https:\/\/paperandkraft.com\/shop\/wp-content\/uploads\/2020\/03\/faire-part-de-mariage-theme-jungle-1.jpg\" \/>\n\t<meta property=\"og:image:width\" content=\"700\" \/>\n\t<meta property=\"og:image:height\" content=\"700\" \/>\n\t<meta property=\"og:image:type\" content=\"image\/jpeg\" \/>\n<meta name=\"twitter:card\" content=\"summary_large_image\" \/>\n<meta name=\"twitter:label1\" content=\"Prix\" \/>\n\t<meta name=\"twitter:data1\" content=\"6.00&euro;\" \/>\n\t<meta name=\"twitter:label2\" content=\"Disponibilit\u00e9\" \/>\n\t<meta name=\"twitter:data2\" content=\"En stock\" \/>\n<meta property=\"product:price:amount\" content=\"6.00\" \/>\n<meta property=\"product:price:currency\" content=\"EUR\" \/>\n<meta property=\"og:availability\" content=\"instock\" \/>\n<meta property=\"product:availability\" content=\"instock\" \/>\n<meta property=\"product:condition\" content=\"new\" \/>\n<!-- \/ Yoast SEO Premium plugin. -->","yoast_head_json":{"title":"faire-part de mariage theme jungle","description":"Faire-part de mariage sur le th\u00e8me de la jungle qui conviendra parfaitement aux amateurs de la nature exotique et du safari. Ambiance d\u2019un mariage jungle tropical et color\u00e9 pour ce faire-part en papier recycl\u00e9","robots":{"index":"index","follow":"follow","max-snippet":"max-snippet:-1","max-image-preview":"max-image-preview:large","max-video-preview":"max-video-preview:-1"},"canonical":"https:\/\/paperandkraft.com\/shop\/produit\/faire-part-mariage-jungle\/","og_locale":"fr_FR","og_type":"article","og_title":"Faire-part mariage Jungle","og_url":"https:\/\/paperandkraft.com\/shop\/produit\/faire-part-mariage-jungle\/","og_site_name":"PaperAndKraft","article_publisher":"https:\/\/www.facebook.com\/paperandkraft","article_modified_time":"2021-02-28T21:39:30+00:00","og_image":[{"width":700,"height":700,"url":"https:\/\/paperandkraft.com\/shop\/wp-content\/uploads\/2020\/03\/faire-part-de-mariage-theme-jungle-1.jpg","type":"image\/jpeg"}],"twitter_card":"summary_large_image","twitter_misc":{"Prix":"6.00&euro;","Disponibilit\u00e9":"En stock"},"schema":{"@context":"https:\/\/schema.org","@graph":[{"@type":"WebPage","@id":"https:\/\/paperandkraft.com\/shop\/produit\/faire-part-mariage-jungle\/","url":"https:\/\/paperandkraft.com\/shop\/produit\/faire-part-mariage-jungle\/","name":"faire-part de mariage theme jungle","isPartOf":{"@id":"https:\/\/paperandkraft.com\/shop\/#website"},"primaryImageOfPage":{"@id":"https:\/\/paperandkraft.com\/shop\/produit\/faire-part-mariage-jungle\/#primaryimage"},"image":{"@id":"https:\/\/paperandkraft.com\/shop\/produit\/faire-part-mariage-jungle\/#primaryimage"},"thumbnailUrl":"https:\/\/paperandkraft.com\/shop\/wp-content\/uploads\/2020\/03\/faire-part-de-mariage-theme-jungle-1.jpg","datePublished":"2019-10-05T12:49:00+00:00","dateModified":"2021-02-28T21:39:30+00:00","description":"Faire-part de mariage sur le th\u00e8me de la jungle qui conviendra parfaitement aux amateurs de la nature exotique et du safari. Ambiance d\u2019un mariage jungle tropical et color\u00e9 pour ce faire-part en papier recycl\u00e9","breadcrumb":{"@id":"https:\/\/paperandkraft.com\/shop\/produit\/faire-part-mariage-jungle\/#breadcrumb"},"inLanguage":"fr-FR","potentialAction":[{"@type":"ReadAction","target":["https:\/\/paperandkraft.com\/shop\/produit\/faire-part-mariage-jungle\/"]}]},{"@type":"ImageObject","inLanguage":"fr-FR","@id":"https:\/\/paperandkraft.com\/shop\/produit\/faire-part-mariage-jungle\/#primaryimage","url":"https:\/\/paperandkraft.com\/shop\/wp-content\/uploads\/2020\/03\/faire-part-de-mariage-theme-jungle-1.jpg","contentUrl":"https:\/\/paperandkraft.com\/shop\/wp-content\/uploads\/2020\/03\/faire-part-de-mariage-theme-jungle-1.jpg","width":700,"height":700},{"@type":"BreadcrumbList","@id":"https:\/\/paperandkraft.com\/shop\/produit\/faire-part-mariage-jungle\/#breadcrumb","itemListElement":[{"@type":"ListItem","position":1,"name":"Accueil","item":"https:\/\/paperandkraft.com\/shop\/"},{"@type":"ListItem","position":2,"name":"Boutique","item":"https:\/\/paperandkraft.com\/shop\/boutique\/"},{"@type":"ListItem","position":3,"name":"Faire-part mariage Jungle"}]},{"@type":"WebSite","@id":"https:\/\/paperandkraft.com\/shop\/#website","url":"https:\/\/paperandkraft.com\/shop\/","name":"PaperAndKraft","description":"Faire-part de mariage et naissance en papier recycl\u00e9","publisher":{"@id":"https:\/\/paperandkraft.com\/shop\/#organization"},"potentialAction":[{"@type":"SearchAction","target":{"@type":"EntryPoint","urlTemplate":"https:\/\/paperandkraft.com\/shop\/?s={search_term_string}"},"query-input":{"@type":"PropertyValueSpecification","valueRequired":true,"valueName":"search_term_string"}}],"inLanguage":"fr-FR"},{"@type":"Organization","@id":"https:\/\/paperandkraft.com\/shop\/#organization","name":"Paper And Kraft : Faire-Part","url":"https:\/\/paperandkraft.com\/shop\/","logo":{"@type":"ImageObject","inLanguage":"fr-FR","@id":"https:\/\/paperandkraft.com\/shop\/#\/schema\/logo\/image\/","url":"https:\/\/paperandkraft.com\/shop\/wp-content\/uploads\/2020\/03\/logo-2020-noir-1.png","contentUrl":"https:\/\/paperandkraft.com\/shop\/wp-content\/uploads\/2020\/03\/logo-2020-noir-1.png","width":350,"height":76,"caption":"Paper And Kraft : Faire-Part"},"image":{"@id":"https:\/\/paperandkraft.com\/shop\/#\/schema\/logo\/image\/"},"sameAs":["https:\/\/www.facebook.com\/paperandkraft","https:\/\/www.instagram.com\/paper_and_kraft\/","https:\/\/www.pinterest.fr\/paperandkraft\/"]}]},"product_price_amount":"6.00","product_price_currency":"EUR","og_availability":"instock","product_availability":"instock","product_condition":"new"},"_links":{"self":[{"href":"https:\/\/paperandkraft.com\/shop\/wp-json\/wp\/v2\/product\/10670","targetHints":{"allow":["GET"]}}],"collection":[{"href":"https:\/\/paperandkraft.com\/shop\/wp-json\/wp\/v2\/product"}],"about":[{"href":"https:\/\/paperandkraft.com\/shop\/wp-json\/wp\/v2\/types\/product"}],"replies":[{"embeddable":true,"href":"https:\/\/paperandkraft.com\/shop\/wp-json\/wp\/v2\/comments?post=10670"}],"wp:featuredmedia":[{"embeddable":true,"href":"https:\/\/paperandkraft.com\/shop\/wp-json\/wp\/v2\/media\/16706"}],"wp:attachment":[{"href":"https:\/\/paperandkraft.com\/shop\/wp-json\/wp\/v2\/media?parent=10670"}],"wp:term":[{"taxonomy":"product_brand","embeddable":true,"href":"https:\/\/paperandkraft.com\/shop\/wp-json\/wp\/v2\/product_brand?post=10670"},{"taxonomy":"product_cat","embeddable":true,"href":"https:\/\/paperandkraft.com\/shop\/wp-json\/wp\/v2\/product_cat?post=10670"},{"taxonomy":"product_tag","embeddable":true,"href":"https:\/\/paperandkraft.com\/shop\/wp-json\/wp\/v2\/product_tag?post=10670"}],"curies":[{"name":"wp","href":"https:\/\/api.w.org\/{rel}","templated":true}]}}