{"id":10340,"date":"2019-09-27T12:46:17","date_gmt":"2019-09-27T12:46:17","guid":{"rendered":"https:\/\/paperandkraft.com\/shop\/?post_type=product&#038;p=10340"},"modified":"2021-02-28T21:43:01","modified_gmt":"2021-02-28T21:43:01","slug":"faire-part-mariage-le-grand-saut","status":"publish","type":"product","link":"https:\/\/paperandkraft.com\/shop\/produit\/faire-part-mariage-le-grand-saut\/","title":{"rendered":"Faire-part mariage le grand Saut"},"content":{"rendered":"<h4><strong>Est-ce que vous voulez adopter un th\u00e8me original votre mariage ?<\/strong><\/h4>\n<p>Vous avez d\u00e9cid\u00e9 de vous mari\u00e9 et vous allez organis\u00e9 un mariage diff\u00e9rent. Moderne et surprenant votre th\u00e8me le sera assur\u00e9ment.<\/p>\n<h4><strong>Pourquoi choisir le faire-part mariage le grand saut pour votre annonce ?<\/strong><\/h4>\n<p>Les faire-part donnent le ton \u00e0 vos invit\u00e9s quant \u00e0 ce que vous voulez faire comme mariage. Aussi, <strong>les invitations vont mettent en avant votre d\u00e9sir distinction,<\/strong> et la mani\u00e8re dont il sera mis en lumi\u00e8re. <b>Les faire-part prennent donc une place pr\u00e9pond\u00e9rante dans l\u2019\u00e9laboration et la cr\u00e9ation de cet \u00e9v\u00e9nement unique.<\/b> Si votre couple veut organiser un mariage diff\u00e9rent, moderne tout en contraste avec les traditionnelles c\u00e9r\u00e9monies, alors ce faire-part est fait pour vous.<\/p>\n<p><strong>Le mod\u00e8le de faire-part \u00ab Le Grand Saut \u00bb donne la part belle au message qui transporte<\/strong>. Assur\u00e9ment moderne<strong> et original<\/strong> ce faire-part sera con\u00e7u \u00e0 partir de votre texte nous le rendront unique. <strong>Nous personnaliserons votre faire-part avec vous afin qu&#8217;au final le faire-part soit non seulement original mais qu&#8217;il vous ressemble<\/strong>.<\/p>\n<p>Sur les pages int\u00e9rieurs laissez votre cr\u00e9ativit\u00e9 vous guider et cr\u00e9ez le message qui d\u00e9voilera au grand jour votre mariage ! Notre \u00e9quipe de graphiste viendront le mettre en page selon vos d\u00e9sirs. Jouez avec les titres que propose ce faire-part afin d&#8217;expliquer le d\u00e9roul\u00e9 de votre journ\u00e9e \u00e0 vos invit\u00e9s.<\/p>\n<h4><strong>Un mariage diff\u00e9rent et moderne, mais aussi \u00e9coresponsable<\/strong><\/h4>\n<p>Chez Paper and Kraft nous cr\u00e9ons<strong> des faire-part \u00e0 partir de papiers recycl\u00e9s<\/strong>. Le<strong> papier Kraft apporte une touche de douceur et vous<\/strong> succomberez au <strong>design unique, chic et \u00e9l\u00e9gant, moderne, du faire-part.<\/strong><\/p>\n<p>Faites de votre mariage, un \u00e9v\u00e9nement dont vos invit\u00e9s se souviendront longtemps.<\/p>\n<p>&nbsp;<\/p>\n","protected":false},"excerpt":{"rendered":"<p style=\"text-align: center;\"><a href=\"https:\/\/paperandkraft.com\/shop\/votre-maquette-mariage-gratuite\/?nom_du_modele=Le%20Grand%20Saut\" target=\"blank\" class=\"button secondary is-secondary is-medium hide-for-small\" >\n\t\t<span>Je demande ma maquette gratuite<\/span>\n\t<\/a>\n\n<a href=\"https:\/\/paperandkraft.com\/shop\/votre-maquette-mariage-gratuite\/?nom_du_modele=Le%20Grand%20Saut\" target=\"_blank\" class=\"button secondary is-medium expand sticky-footer-button show-for-small\" rel=\"noopener\" >\n\t\t<span>Je demande<br \/>\nma maquette gratuite<\/span>\n\t<\/a>\n\n","protected":false},"featured_media":16704,"comment_status":"open","ping_status":"closed","template":"","meta":{"_acf_changed":false,"inline_featured_image":false},"product_brand":[],"product_cat":[229,62,26,114],"product_tag":[],"class_list":{"0":"post-10340","1":"product","2":"type-product","3":"status-publish","4":"has-post-thumbnail","6":"product_cat-faire-part-mariage-rouge-et-blanc","7":"product_cat-faire-part-mariage-theme-chic","8":"product_cat-faire-part-mariage-kraft","9":"product_cat-collection-atelier","11":"first","12":"instock","13":"taxable","14":"shipping-taxable","15":"purchasable","16":"product-type-simple"},"acf":[],"yoast_head":"<!-- This site is optimized with the Yoast SEO Premium plugin v24.6 (Yoast SEO v27.2) - https:\/\/yoast.com\/product\/yoast-seo-premium-wordpress\/ -->\n<title>Faire-part mariage le grand saut - Paperandkraft<\/title>\n<meta name=\"description\" content=\"Faire-part mariage ludique et moderne pour les amoureux des punchlines , Jouer avec la typographie et les texte en gros caract\u00e8res avec ce faire-part de mariage unique et ludique !\" \/>\n<meta name=\"robots\" content=\"index, follow, max-snippet:-1, max-image-preview:large, max-video-preview:-1\" \/>\n<link rel=\"canonical\" href=\"https:\/\/paperandkraft.com\/shop\/produit\/faire-part-mariage-le-grand-saut\/\" \/>\n<meta property=\"og:locale\" content=\"fr_FR\" \/>\n<meta property=\"og:type\" content=\"article\" \/>\n<meta property=\"og:title\" content=\"Faire-part mariage le grand Saut\" \/>\n<meta property=\"og:url\" content=\"https:\/\/paperandkraft.com\/shop\/produit\/faire-part-mariage-le-grand-saut\/\" \/>\n<meta property=\"og:site_name\" content=\"PaperAndKraft\" \/>\n<meta property=\"article:publisher\" content=\"https:\/\/www.facebook.com\/paperandkraft\" \/>\n<meta property=\"article:modified_time\" content=\"2021-02-28T21:43:01+00:00\" \/>\n<meta property=\"og:image\" content=\"https:\/\/paperandkraft.com\/shop\/wp-content\/uploads\/2020\/03\/faire-part-mariage-moderen-en-papier-recycl\u00e9-1.jpg\" \/>\n\t<meta property=\"og:image:width\" content=\"700\" \/>\n\t<meta property=\"og:image:height\" content=\"700\" \/>\n\t<meta property=\"og:image:type\" content=\"image\/jpeg\" \/>\n<meta name=\"twitter:card\" content=\"summary_large_image\" \/>\n<meta name=\"twitter:label1\" content=\"Prix\" \/>\n\t<meta name=\"twitter:data1\" content=\"6.00&euro;\" \/>\n\t<meta name=\"twitter:label2\" content=\"Disponibilit\u00e9\" \/>\n\t<meta name=\"twitter:data2\" content=\"En stock\" \/>\n<meta property=\"product:price:amount\" content=\"6.00\" \/>\n<meta property=\"product:price:currency\" content=\"EUR\" \/>\n<meta property=\"og:availability\" content=\"instock\" \/>\n<meta property=\"product:availability\" content=\"instock\" \/>\n<meta property=\"product:condition\" content=\"new\" \/>\n<!-- \/ Yoast SEO Premium plugin. -->","yoast_head_json":{"title":"Faire-part mariage le grand saut - Paperandkraft","description":"Faire-part mariage ludique et moderne pour les amoureux des punchlines , Jouer avec la typographie et les texte en gros caract\u00e8res avec ce faire-part de mariage unique et ludique !","robots":{"index":"index","follow":"follow","max-snippet":"max-snippet:-1","max-image-preview":"max-image-preview:large","max-video-preview":"max-video-preview:-1"},"canonical":"https:\/\/paperandkraft.com\/shop\/produit\/faire-part-mariage-le-grand-saut\/","og_locale":"fr_FR","og_type":"article","og_title":"Faire-part mariage le grand Saut","og_url":"https:\/\/paperandkraft.com\/shop\/produit\/faire-part-mariage-le-grand-saut\/","og_site_name":"PaperAndKraft","article_publisher":"https:\/\/www.facebook.com\/paperandkraft","article_modified_time":"2021-02-28T21:43:01+00:00","og_image":[{"width":700,"height":700,"url":"https:\/\/paperandkraft.com\/shop\/wp-content\/uploads\/2020\/03\/faire-part-mariage-moderen-en-papier-recycl\u00e9-1.jpg","type":"image\/jpeg"}],"twitter_card":"summary_large_image","twitter_misc":{"Prix":"6.00&euro;","Disponibilit\u00e9":"En stock"},"schema":{"@context":"https:\/\/schema.org","@graph":[{"@type":"WebPage","@id":"https:\/\/paperandkraft.com\/shop\/produit\/faire-part-mariage-le-grand-saut\/","url":"https:\/\/paperandkraft.com\/shop\/produit\/faire-part-mariage-le-grand-saut\/","name":"Faire-part mariage le grand saut - Paperandkraft","isPartOf":{"@id":"https:\/\/paperandkraft.com\/shop\/#website"},"primaryImageOfPage":{"@id":"https:\/\/paperandkraft.com\/shop\/produit\/faire-part-mariage-le-grand-saut\/#primaryimage"},"image":{"@id":"https:\/\/paperandkraft.com\/shop\/produit\/faire-part-mariage-le-grand-saut\/#primaryimage"},"thumbnailUrl":"https:\/\/paperandkraft.com\/shop\/wp-content\/uploads\/2020\/03\/faire-part-mariage-moderen-en-papier-recycl\u00e9-1.jpg","datePublished":"2019-09-27T12:46:17+00:00","dateModified":"2021-02-28T21:43:01+00:00","description":"Faire-part mariage ludique et moderne pour les amoureux des punchlines , Jouer avec la typographie et les texte en gros caract\u00e8res avec ce faire-part de mariage unique et ludique !","breadcrumb":{"@id":"https:\/\/paperandkraft.com\/shop\/produit\/faire-part-mariage-le-grand-saut\/#breadcrumb"},"inLanguage":"fr-FR","potentialAction":[{"@type":"ReadAction","target":["https:\/\/paperandkraft.com\/shop\/produit\/faire-part-mariage-le-grand-saut\/"]}]},{"@type":"ImageObject","inLanguage":"fr-FR","@id":"https:\/\/paperandkraft.com\/shop\/produit\/faire-part-mariage-le-grand-saut\/#primaryimage","url":"https:\/\/paperandkraft.com\/shop\/wp-content\/uploads\/2020\/03\/faire-part-mariage-moderen-en-papier-recycl\u00e9-1.jpg","contentUrl":"https:\/\/paperandkraft.com\/shop\/wp-content\/uploads\/2020\/03\/faire-part-mariage-moderen-en-papier-recycl\u00e9-1.jpg","width":700,"height":700},{"@type":"BreadcrumbList","@id":"https:\/\/paperandkraft.com\/shop\/produit\/faire-part-mariage-le-grand-saut\/#breadcrumb","itemListElement":[{"@type":"ListItem","position":1,"name":"Accueil","item":"https:\/\/paperandkraft.com\/shop\/"},{"@type":"ListItem","position":2,"name":"Boutique","item":"https:\/\/paperandkraft.com\/shop\/boutique\/"},{"@type":"ListItem","position":3,"name":"Faire-part mariage le grand Saut"}]},{"@type":"WebSite","@id":"https:\/\/paperandkraft.com\/shop\/#website","url":"https:\/\/paperandkraft.com\/shop\/","name":"PaperAndKraft","description":"Faire-part de mariage et naissance en papier recycl\u00e9","publisher":{"@id":"https:\/\/paperandkraft.com\/shop\/#organization"},"potentialAction":[{"@type":"SearchAction","target":{"@type":"EntryPoint","urlTemplate":"https:\/\/paperandkraft.com\/shop\/?s={search_term_string}"},"query-input":{"@type":"PropertyValueSpecification","valueRequired":true,"valueName":"search_term_string"}}],"inLanguage":"fr-FR"},{"@type":"Organization","@id":"https:\/\/paperandkraft.com\/shop\/#organization","name":"Paper And Kraft : Faire-Part","url":"https:\/\/paperandkraft.com\/shop\/","logo":{"@type":"ImageObject","inLanguage":"fr-FR","@id":"https:\/\/paperandkraft.com\/shop\/#\/schema\/logo\/image\/","url":"https:\/\/paperandkraft.com\/shop\/wp-content\/uploads\/2020\/03\/logo-2020-noir-1.png","contentUrl":"https:\/\/paperandkraft.com\/shop\/wp-content\/uploads\/2020\/03\/logo-2020-noir-1.png","width":350,"height":76,"caption":"Paper And Kraft : Faire-Part"},"image":{"@id":"https:\/\/paperandkraft.com\/shop\/#\/schema\/logo\/image\/"},"sameAs":["https:\/\/www.facebook.com\/paperandkraft","https:\/\/www.instagram.com\/paper_and_kraft\/","https:\/\/www.pinterest.fr\/paperandkraft\/"]}]},"product_price_amount":"6.00","product_price_currency":"EUR","og_availability":"instock","product_availability":"instock","product_condition":"new"},"_links":{"self":[{"href":"https:\/\/paperandkraft.com\/shop\/wp-json\/wp\/v2\/product\/10340","targetHints":{"allow":["GET"]}}],"collection":[{"href":"https:\/\/paperandkraft.com\/shop\/wp-json\/wp\/v2\/product"}],"about":[{"href":"https:\/\/paperandkraft.com\/shop\/wp-json\/wp\/v2\/types\/product"}],"replies":[{"embeddable":true,"href":"https:\/\/paperandkraft.com\/shop\/wp-json\/wp\/v2\/comments?post=10340"}],"wp:featuredmedia":[{"embeddable":true,"href":"https:\/\/paperandkraft.com\/shop\/wp-json\/wp\/v2\/media\/16704"}],"wp:attachment":[{"href":"https:\/\/paperandkraft.com\/shop\/wp-json\/wp\/v2\/media?parent=10340"}],"wp:term":[{"taxonomy":"product_brand","embeddable":true,"href":"https:\/\/paperandkraft.com\/shop\/wp-json\/wp\/v2\/product_brand?post=10340"},{"taxonomy":"product_cat","embeddable":true,"href":"https:\/\/paperandkraft.com\/shop\/wp-json\/wp\/v2\/product_cat?post=10340"},{"taxonomy":"product_tag","embeddable":true,"href":"https:\/\/paperandkraft.com\/shop\/wp-json\/wp\/v2\/product_tag?post=10340"}],"curies":[{"name":"wp","href":"https:\/\/api.w.org\/{rel}","templated":true}]}}