{"id":2278,"date":"2017-10-18T20:48:47","date_gmt":"2017-10-18T20:48:47","guid":{"rendered":"https:\/\/paperandkraft.com\/shop\/?page_id=2278"},"modified":"2021-03-02T23:32:27","modified_gmt":"2021-03-02T23:32:27","slug":"paper-and-kraft","status":"publish","type":"page","link":"https:\/\/paperandkraft.com\/shop\/paper-and-kraft\/","title":{"rendered":"Paper and kraft"},"content":{"rendered":"\n  <div id=\"page-header-957096784\" class=\"page-header-wrapper\">\n  <div class=\"page-title dark featured-title\">\n\n        <div class=\"page-title-bg\">\n      <div class=\"title-bg fill bg-fill\"\n        data-parallax-container=\".page-title\"\n        data-parallax-background\n        data-parallax=\"-\">\n      <\/div>\n      <div class=\"title-overlay fill\"><\/div>\n    <\/div>\n    \n    <div class=\"page-title-inner container align-center text-center flex-row-col medium-flex-wrap\" >\n              <div class=\"title-wrapper is-xlarge flex-col\">\n          <h1 class=\"entry-title mb-0\">\n            Love, Paper &amp; Design          <\/h1>\n        <\/div>\n                <div class=\"page-title-sub op-7 flex-col\">\n          <p class=\"lead\">Une histoire de papier et d'amour<\/p>\n        <\/div>\n                    <div class=\"title-content flex-col\">\n        <ul class=\"nav sm-touch-scroll nav-line nav-uppercase text-center nav-center\"><li class=\"nav-single-page hidden\"><\/li><\/ul>      <\/div>\n    <\/div>\n\n     \n<style>\n#page-header-957096784 .page-title-inner {\n  min-height: 300px;\n}\n#page-header-957096784 .title-bg {\n  background-image: url(https:\/\/paperandkraft.com\/shop\/wp-content\/uploads\/2020\/03\/faire-part-mariage-en-papier-recycl\u00e9-watercolor.jpg);\n  background-position: 40% 39%;\n}\n<\/style>\n  <\/div>\n    <\/div>\n  \n\n\n\t<section class=\"section\" id=\"section_1171909127\">\n\t\t<div class=\"section-bg fill\" >\n\t\t\t\t\t\t\t\t\t\n\t\t\t\n\n\t\t<\/div>\n\n\t\t\n\n\t\t<div class=\"section-content relative\">\n\t\t\t\n\n<div class=\"row\"  id=\"row-220703837\">\n\n\n\t<div id=\"col-1150793090\" class=\"col small-12 large-12\"  >\n\t\t\t\t<div class=\"col-inner\" style=\"background-color:rgb(255,255,255);\" >\n\t\t\t\n\t\t\t\n\n<div class=\"text-center\"><div class=\"is-divider divider clearfix\" style=\"margin-top:10px;margin-bottom:10px;background-color:rgba(0, 0, 0, 0.16);\"><\/div><\/div>\n\n<div class=\"row align-center\"  id=\"row-2105439923\">\n\n\n\t<div id=\"col-60124190\" class=\"col medium-9 small-10 large-7\"  >\n\t\t\t\t<div class=\"col-inner text-center\"  >\n\t\t\t\n\t\t\t\n\n<div class=\"fusion-title title fusion-title-2 fusion-sep-none fusion-title-size-two fusion-border-below-title\">\n<h2 class=\"title-heading-right\" data-fontsize=\"30\" data-lineheight=\"35\">Il \u00e9tait une fois des faire-part ?<\/h2>\n<\/div>\n<div class=\"fusion-text\">\n<p>c\u2019\u00e9tait il y aujourd\u2019hui 15 ans, j\u2019\u00e9tais alors jeune graphiste d\u00e9j\u00e0 freelance, et je cr\u00e9ais des brochures, des sites internet pour entreprises dans l\u2019est de la France. j\u2019\u00e9tais alors bien loin de me douter que le mariage de ma meilleure amie allait me faire tomber dans le monde des faire-part.<\/p>\n<p>je re\u00e7us le faire-part de ma meilleur amie qui se mariait au printemps. je le trouvai tr\u00e8s joli, le papier \u00e9tait super joli, champagne et tr\u00e8s subtilement paillet\u00e9\u2026 et non ce n\u2019est pas moi qui l\u2019ai fait et ce ne fut pas encore le d\u00e9clic\u2026Peu de temps apr\u00e8s la f\u00eate, mon amie vint me voir et me demanda simplement si je pouvais lui faire des cartes de remerciements pour son mariage..<br \/>Pourquoi pas ? Je n\u2019en avais jamais fait jusqu&#8217;alors et cela pourrait \u00eatre amusant.<\/p>\n<p>Je me pris au jeu et je cr\u00e9ai 1 puis 2, 5\u00a0 et 10 maquettes diff\u00e9rentes.. elle adora. Comme beaucoup de mari\u00e9s \u00e0 l\u2019\u00e9poque elle avait ouvert une liste de mariage chez 1001 listes. Pour les remercier de leur travail elle leur envoya une petite carte.. de remerciements ( ce que je ne savais pas )\u2026Quelle fut ma surprise lorsque quelques semaines plus tard je re\u00e7u un Appel de 1001 listes qui voulait me rencontrer pour parler\u00a0faire-part de mariage\u00a0\u2026<\/p>\n<p>C\u2019est ainsi que la fabuleuse histoire de Paper and Kraft d\u00e9buta \u2026.<\/p>\n<\/div>\n\n\t\t<\/div>\n\t\t\t\t\n<style>\n#col-60124190 > .col-inner {\n  margin: 20px 0px 20px 0px;\n}\n<\/style>\n\t<\/div>\n\n\t\n\n<\/div>\n<div class=\"row align-center\"  id=\"row-815286461\">\n\n\n\t<div id=\"col-279516110\" class=\"col medium-11 small-12 large-10\"  >\n\t\t\t\t<div class=\"col-inner\"  >\n\t\t\t\n\t\t\t\n\n\n  <div class=\"banner has-hover has-parallax\" id=\"banner-933277607\">\n          <div class=\"banner-inner fill\">\n        <div class=\"banner-bg fill\" data-parallax=\"-6\" data-parallax-container=\".banner\" data-parallax-background>\n            <img loading=\"lazy\" decoding=\"async\" width=\"1000\" height=\"667\" src=\"https:\/\/paperandkraft.com\/shop\/wp-content\/uploads\/2017\/10\/steph-et-bertrand.jpg\" class=\"bg attachment-large size-large\" alt=\"photo mariage theme champetre\" \/>                                    \n                    <\/div>\n\t\t\n        <div class=\"banner-layers container\">\n            <div class=\"fill banner-link\"><\/div>            \n\n   <div id=\"text-box-282175804\" class=\"text-box banner-layer x50 md-x50 lg-x50 y50 md-y50 lg-y50 res-text\">\n                                <div class=\"text-box-content text dark\">\n              \n              <div class=\"text-inner text-center\">\n                  \n\n\n              <\/div>\n           <\/div>\n                            \n<style>\n#text-box-282175804 {\n  width: 60%;\n}\n#text-box-282175804 .text-box-content {\n  font-size: 100%;\n}\n@media (min-width:550px) {\n  #text-box-282175804 {\n    width: 60%;\n  }\n}\n<\/style>\n    <\/div>\n \n\n        <\/div>\n      <\/div>\n\n            \n<style>\n#banner-933277607 {\n  padding-top: 300px;\n}\n@media (min-width:850px) {\n  #banner-933277607 {\n    padding-top: 500px;\n  }\n}\n<\/style>\n  <\/div>\n\n\n\n\t\t<\/div>\n\t\t\t\t\n<style>\n#col-279516110 > .col-inner {\n  margin: 0px 0px -160px 0px;\n}\n<\/style>\n\t<\/div>\n\n\t\n\n<\/div>\n\n\t\t<\/div>\n\t\t\t\t\n<style>\n#col-1150793090 > .col-inner {\n  padding: 50px 0px 0px 0px;\n  margin: -70px 0px 0px 0px;\n}\n<\/style>\n\t<\/div>\n\n\t\n\n<\/div>\n\n\t\t<\/div>\n\n\t\t\n<style>\n#section_1171909127 {\n  padding-top: 30px;\n  padding-bottom: 30px;\n}\n<\/style>\n\t<\/section>\n\t\n\n\t<section class=\"section\" id=\"section_177879156\">\n\t\t<div class=\"section-bg fill\" >\n\t\t\t\t\t\t\t\t\t\n\t\t\t\n\n\t\t<\/div>\n\n\t\t\n\n\t\t<div class=\"section-content relative\">\n\t\t\t\n\n<div class=\"row align-center\"  id=\"row-1586364382\">\n\n\n\t<div id=\"col-1712445020\" class=\"col medium-11 small-12 large-10\"  >\n\t\t\t\t<div class=\"col-inner\"  >\n\t\t\t\n\t\t\t\n\n<div class=\"fusion-title title fusion-title-3 fusion-sep-none fusion-title-size-two fusion-border-below-title\">\n<h2 class=\"title-heading-left\" data-fontsize=\"30\" data-lineheight=\"35\">Mes premiers faire-part de mariage<\/h2>\n<\/div>\n<div class=\"fusion-text\">\n<p>Comme je vous le disais pr\u00e9c\u00e9demment, j\u2019aime les choses \u00e9pur\u00e9s et comme je viens de \u201cla pub\u201d mes m\u00e9thodes de cr\u00e9ations ce sont tr\u00e8s facilement adapt\u00e9e et j\u2019essaye d\u2019avoir la m\u00eame approche lorsque je cr\u00e9e un faire-part que lorsque je faisais une mise en page pour une brochure d\u2019h\u00f4tel.<\/p>\n<p>en voyant mes premiers mod\u00e8les 1001 listes me dit qu\u2019ils avaient beaucoup de clients qui ne se retrouvaient pas dans l\u2019offre des faire-part de mariage de l\u2019\u00e9poque. Ce qu&#8217;il recherchaient, c&#8217;est exactement ce que je faisais : des faire-part frais, color\u00e9s, \u00e9pur\u00e9s et design !<\/p>\n<p>Je d\u00e9cidai donc de me lancer dans la cr\u00e9ation de faire-part de mariage ..et de naissance (enfin les naissances ce fut un peu plus tard\u2026)<\/p>\n<p>Ma toute premi\u00e8re collection, je l\u2019appelai COLORS : je la voulais color\u00e9e, fra\u00eeche et nouvelle ! je travaillais beaucoup le th\u00e8me floral , le th\u00e8me nature car c\u2018est ce que j\u2019aimais, d\u00e9j\u00e0, et cela n\u2019allait pas\u00a0 s\u2019arr\u00eater.<\/p>\n<p>En outre, je voulais que mes faire-part soient personnalisables car j\u2019avais vu trop de futurs mari\u00e9s commander des faire-part chez de gros \u00e9diteurs, ou il n\u2019y avait aucune place \u00e0 l\u2019improvisation. A quoi bon envoyer un faire-part de mariage s\u2019il ressemble \u00e0 tous les autres.<\/p>\n<p>Le plus jour de votre vie m\u00e9rite d\u2019avoir un \u00e9crin original, une atmosph\u00e8re propre. un faire-part qui vous ressemble !<\/p>\n<p>Et pour aller plus loin, je me d\u00e9cidai \u00e0 cr\u00e9er tout un univers autour de mon faire-part : le menu, la carte de remerciement, le livre d\u2019or, le porte nom etc\u2026<\/p>\n<p>Bient\u00f4t la premi\u00e8re collection de faire-part de mariage de\u00a0Paperandkraft.com\u00a0s\u2019\u00e9toffa dune vingtaine de mod\u00e8les<\/p>\n<\/div>\n\n\t\t<\/div>\n\t\t\t\t\t<\/div>\n\n\t\n\n\n<style>\n#row-1586364382 > .col > .col-inner {\n  padding: 50px 0px 20px 0px;\n}\n@media (min-width:550px) {\n  #row-1586364382 > .col > .col-inner {\n    padding: 100px 0px 50px 0px;\n  }\n}\n<\/style>\n<\/div>\n<div class=\"row align-center\"  id=\"row-1330610916\">\n\n\n\t<div id=\"col-1295263440\" class=\"col medium-11 small-12 large-10\"  >\n\t\t\t\t<div class=\"col-inner\"  >\n\t\t\t\n\t\t\t\n\n<div class=\"row row-large align-middle\"  id=\"row-1430126709\">\n\n\n\t<div id=\"col-1289543290\" class=\"col medium-4 small-12 large-6\"  >\n\t\t\t\t<div class=\"col-inner\"  >\n\t\t\t\n\t\t\t\n\n\n  <div class=\"banner has-hover\" id=\"banner-37819081\">\n          <div class=\"banner-inner fill\">\n        <div class=\"banner-bg fill\" >\n            <img loading=\"lazy\" decoding=\"async\" width=\"576\" height=\"1024\" src=\"https:\/\/paperandkraft.com\/shop\/wp-content\/uploads\/2020\/03\/faire-part-de-naissance-renard-576x1024.jpg\" class=\"bg attachment-large size-large\" alt=\"faire-part-de-naissance-renard\" \/>                                    \n                    <\/div>\n\t\t\n        <div class=\"banner-layers container\">\n            <div class=\"fill banner-link\"><\/div>            \n\n   <div id=\"text-box-571463702\" class=\"text-box banner-layer x50 md-x50 lg-x50 y50 md-y50 lg-y50 res-text\">\n                                <div class=\"text-box-content text dark\">\n              \n              <div class=\"text-inner text-center\">\n                  \n\n\n              <\/div>\n           <\/div>\n                            \n<style>\n#text-box-571463702 {\n  width: 60%;\n}\n#text-box-571463702 .text-box-content {\n  font-size: 100%;\n}\n@media (min-width:550px) {\n  #text-box-571463702 {\n    width: 60%;\n  }\n}\n<\/style>\n    <\/div>\n \n\n        <\/div>\n      <\/div>\n\n            \n<style>\n#banner-37819081 {\n  padding-top: 300px;\n}\n#banner-37819081 .banner-bg img {\n  object-position: 9% 65%;\n}\n@media (min-width:550px) {\n  #banner-37819081 {\n    padding-top: 99.99%;\n  }\n}\n<\/style>\n  <\/div>\n\n\n\n\t\t<\/div>\n\t\t\t\t\t<\/div>\n\n\t\n\n\t<div id=\"col-677019824\" class=\"col medium-8 small-12 large-6\"  >\n\t\t\t\t<div class=\"col-inner\"  >\n\t\t\t\n\t\t\t\n\n<div class=\"fusion-title title fusion-title-5 fusion-sep-none fusion-title-size-two fusion-border-below-title\">\n<h2 class=\"title-heading-right\" data-fontsize=\"30\" data-lineheight=\"35\">l\u2019esprit Paper &amp; Kraft<\/h2>\n<\/div>\n<div class=\"fusion-text\">\n<p>La cr\u00e9ation de la collection faire-part de mariage\u00a0 Colors ne fut qu&#8217;une premi\u00e8re \u00e9tape. tr\u00e8s vite il devint \u00e9vident que les futurs mari\u00e9s cherchaient autres chose, tous ne se retrouvaient pas dans les faire-part color\u00e9s et modernes qu&#8217;offrait la collection Colors. D\u2019ailleurs Paper and Kraft non plus, nous devions aller plus loin, explorer d\u2019autres horizons.<\/p>\n<p>Travaillant toujours avec des h\u00f4tels de luxes, ces derniers ont une client\u00e8le qui recherchent des designs chics, \u00e9pur\u00e9s et un brun classique\u2026 Louvres, Crillon Deauville, ces lieux prestigieux r\u00e9sonnent en nous.. il fallait cr\u00e9er des faire-part \u00e0 la hauteur de ces endroits !\u00a0 Un papier ivoire subtilement iris\u00e9 qui joue avec les rayons du soleil, une mise en page minimaliste, des couleurs sobres\u2026 la collection faire-part chic &amp; Classique est n\u00e9e !<\/p>\n<\/div>\n\n\t\t<\/div>\n\t\t\t\t\t<\/div>\n\n\t\n\n<\/div>\n<div class=\"row row-large align-middle\"  id=\"row-671202538\">\n\n\n\t<div id=\"col-2056553338\" class=\"col medium-8 small-12 large-6\"  >\n\t\t\t\t<div class=\"col-inner\"  >\n\t\t\t\n\t\t\t\n\n<div class=\"fusion-title title fusion-title-5 fusion-sep-none fusion-title-size-two fusion-border-below-title\">\n<h2 class=\"title-heading-right\" style=\"text-align: right;\" data-fontsize=\"30\" data-lineheight=\"35\">Le Papier Kraft<\/h2>\n<\/div>\n<div class=\"fusion-text\">\n<div class=\"fusion-layout-column fusion_builder_column fusion_builder_column_1_2 fusion-builder-column-8 fusion-one-half fusion-column-first 1_2\">\n<div class=\"fusion-column-wrapper\" data-bg-url=\"\">\n<div class=\"fusion-text\">\n<p style=\"text-align: right;\">Depuis des ann\u00e9es nous essayions d\u2019avoir une d\u00e9marche \u00e9co-responsable, respecter la terre, nos clients nous le demandaient et notre amour pour la nature aussi. De plus nous fourmilions encore d\u2019id\u00e9es de cr\u00e9ation mais aucun support ne s\u2019y pr\u00eatait.. jusqu\u2019\u00e0 ce que nous le trouvions.<\/p>\n<p style=\"text-align: right;\">Doux et textur\u00e9 par le toucher, aspect terre et couleur naturelle des fibres pour les yeux et le c\u0153ur, et surtout 100% recycl\u00e9s pour notre futur, le papier kraft allait \u00eatre \u00e0 la base de nos prochaines collections comme les\u00a0<strong>faire-part mariage tendances<\/strong>!<\/p>\n<p style=\"text-align: right;\"><strong>th\u00e8me r\u00e9tro<\/strong>, <strong>faire-part de mariage th\u00e8me voyage<\/strong>,\u00a0theme champ\u00eatre chic, tout se pr\u00eate \u00e0 merveille avec ce joli papier. Vive les\u00a0faire-part mariage en papier kraft.<\/p>\n<\/div>\n<div class=\"fusion-clearfix\">\u00a0<\/div>\n<\/div>\n<\/div>\n<div class=\"fusion-layout-column fusion_builder_column fusion_builder_column_1_2 fusion-builder-column-9 fusion-one-half fusion-column-last 1_2\">\n<div class=\"fusion-column-wrapper\" data-bg-url=\"\">\n<div class=\"imageframe-align-center\">\u00a0<\/div>\n<\/div>\n<\/div>\n<\/div>\n\n\t\t<\/div>\n\t\t\t\t\t<\/div>\n\n\t\n\n\t<div id=\"col-377267862\" class=\"col medium-4 small-12 large-6 medium-col-first\"  >\n\t\t\t\t<div class=\"col-inner\"  >\n\t\t\t\n\t\t\t\n\n\n  <div class=\"banner has-hover\" id=\"banner-648883177\">\n          <div class=\"banner-inner fill\">\n        <div class=\"banner-bg fill\" >\n            <img loading=\"lazy\" decoding=\"async\" width=\"1000\" height=\"667\" src=\"https:\/\/paperandkraft.com\/shop\/wp-content\/uploads\/2020\/03\/031-1.jpg\" class=\"bg attachment-large size-large\" alt=\"031\" \/>                                    \n                    <\/div>\n\t\t\n        <div class=\"banner-layers container\">\n            <div class=\"fill banner-link\"><\/div>            \n\n   <div id=\"text-box-1998505689\" class=\"text-box banner-layer x50 md-x50 lg-x50 y50 md-y50 lg-y50 res-text\">\n                                <div class=\"text-box-content text dark\">\n              \n              <div class=\"text-inner text-center\">\n                  \n\n\n              <\/div>\n           <\/div>\n                            \n<style>\n#text-box-1998505689 {\n  width: 60%;\n}\n#text-box-1998505689 .text-box-content {\n  font-size: 100%;\n}\n@media (min-width:550px) {\n  #text-box-1998505689 {\n    width: 60%;\n  }\n}\n<\/style>\n    <\/div>\n \n\n        <\/div>\n      <\/div>\n\n            \n<style>\n#banner-648883177 {\n  padding-top: 300px;\n}\n#banner-648883177 .banner-bg img {\n  object-position: 51% 95%;\n}\n@media (min-width:550px) {\n  #banner-648883177 {\n    padding-top: 99.99%;\n  }\n}\n<\/style>\n  <\/div>\n\n\n\n\t\t<\/div>\n\t\t\t\t\t<\/div>\n\n\t\n\n<\/div>\n\n\t\t<\/div>\n\t\t\t\t\t<\/div>\n\n\t\n\n<\/div>\n\n\t\t<\/div>\n\n\t\t\n<style>\n#section_177879156 {\n  padding-top: 80px;\n  padding-bottom: 80px;\n  background-color: rgb(244, 244, 244);\n}\n<\/style>\n\t<\/section>\n\t\n\n","protected":false},"excerpt":{"rendered":"","protected":false},"author":1,"featured_media":0,"parent":0,"menu_order":0,"comment_status":"closed","ping_status":"closed","template":"","meta":{"_acf_changed":false,"inline_featured_image":false,"footnotes":""},"class_list":["post-2278","page","type-page","status-publish","hentry"],"acf":[],"yoast_head":"<!-- This site is optimized with the Yoast SEO Premium plugin v24.6 (Yoast SEO v27.4) - https:\/\/yoast.com\/product\/yoast-seo-premium-wordpress\/ -->\n<title>Des faire-part marige et naissance et du papier kraft<\/title>\n<meta name=\"description\" content=\"Paper and kraft, petit atelier artisanal de cr\u00e9ation de faire-part de naissance et de mariage en papier kraft mais pas que ... D\u00e9couvrez son histoire.\" \/>\n<meta name=\"robots\" content=\"index, follow, max-snippet:-1, max-image-preview:large, max-video-preview:-1\" \/>\n<link rel=\"canonical\" href=\"https:\/\/paperandkraft.com\/shop\/paper-and-kraft\/\" \/>\n<meta property=\"og:locale\" content=\"fr_FR\" \/>\n<meta property=\"og:type\" content=\"article\" \/>\n<meta property=\"og:title\" content=\"Paper and kraft\" \/>\n<meta property=\"og:url\" content=\"https:\/\/paperandkraft.com\/shop\/paper-and-kraft\/\" \/>\n<meta property=\"og:site_name\" content=\"PaperAndKraft\" \/>\n<meta property=\"article:publisher\" content=\"https:\/\/www.facebook.com\/paperandkraft\" \/>\n<meta property=\"article:modified_time\" content=\"2021-03-02T23:32:27+00:00\" \/>\n<meta name=\"twitter:card\" content=\"summary_large_image\" \/>\n<meta name=\"twitter:label1\" content=\"Dur\u00e9e de lecture estim\u00e9e\" \/>\n\t<meta name=\"twitter:data1\" content=\"6 minutes\" \/>\n<!-- \/ Yoast SEO Premium plugin. -->","yoast_head_json":{"title":"Des faire-part marige et naissance et du papier kraft","description":"Paper and kraft, petit atelier artisanal de cr\u00e9ation de faire-part de naissance et de mariage en papier kraft mais pas que ... D\u00e9couvrez son histoire.","robots":{"index":"index","follow":"follow","max-snippet":"max-snippet:-1","max-image-preview":"max-image-preview:large","max-video-preview":"max-video-preview:-1"},"canonical":"https:\/\/paperandkraft.com\/shop\/paper-and-kraft\/","og_locale":"fr_FR","og_type":"article","og_title":"Paper and kraft","og_url":"https:\/\/paperandkraft.com\/shop\/paper-and-kraft\/","og_site_name":"PaperAndKraft","article_publisher":"https:\/\/www.facebook.com\/paperandkraft","article_modified_time":"2021-03-02T23:32:27+00:00","twitter_card":"summary_large_image","twitter_misc":{"Dur\u00e9e de lecture estim\u00e9e":"6 minutes"},"schema":{"@context":"https:\/\/schema.org","@graph":[{"@type":"WebPage","@id":"https:\/\/paperandkraft.com\/shop\/paper-and-kraft\/","url":"https:\/\/paperandkraft.com\/shop\/paper-and-kraft\/","name":"Des faire-part marige et naissance et du papier kraft","isPartOf":{"@id":"https:\/\/paperandkraft.com\/shop\/#website"},"datePublished":"2017-10-18T20:48:47+00:00","dateModified":"2021-03-02T23:32:27+00:00","description":"Paper and kraft, petit atelier artisanal de cr\u00e9ation de faire-part de naissance et de mariage en papier kraft mais pas que ... D\u00e9couvrez son histoire.","breadcrumb":{"@id":"https:\/\/paperandkraft.com\/shop\/paper-and-kraft\/#breadcrumb"},"inLanguage":"fr-FR","potentialAction":[{"@type":"ReadAction","target":["https:\/\/paperandkraft.com\/shop\/paper-and-kraft\/"]}]},{"@type":"BreadcrumbList","@id":"https:\/\/paperandkraft.com\/shop\/paper-and-kraft\/#breadcrumb","itemListElement":[{"@type":"ListItem","position":1,"name":"Accueil","item":"https:\/\/paperandkraft.com\/shop\/"},{"@type":"ListItem","position":2,"name":"Paper and kraft"}]},{"@type":"WebSite","@id":"https:\/\/paperandkraft.com\/shop\/#website","url":"https:\/\/paperandkraft.com\/shop\/","name":"PaperAndKraft","description":"Faire-part de mariage et naissance en papier recycl\u00e9","publisher":{"@id":"https:\/\/paperandkraft.com\/shop\/#organization"},"potentialAction":[{"@type":"SearchAction","target":{"@type":"EntryPoint","urlTemplate":"https:\/\/paperandkraft.com\/shop\/?s={search_term_string}"},"query-input":{"@type":"PropertyValueSpecification","valueRequired":true,"valueName":"search_term_string"}}],"inLanguage":"fr-FR"},{"@type":"Organization","@id":"https:\/\/paperandkraft.com\/shop\/#organization","name":"Paper And Kraft : Faire-Part","url":"https:\/\/paperandkraft.com\/shop\/","logo":{"@type":"ImageObject","inLanguage":"fr-FR","@id":"https:\/\/paperandkraft.com\/shop\/#\/schema\/logo\/image\/","url":"https:\/\/paperandkraft.com\/shop\/wp-content\/uploads\/2020\/03\/logo-2020-noir-1.png","contentUrl":"https:\/\/paperandkraft.com\/shop\/wp-content\/uploads\/2020\/03\/logo-2020-noir-1.png","width":350,"height":76,"caption":"Paper And Kraft : Faire-Part"},"image":{"@id":"https:\/\/paperandkraft.com\/shop\/#\/schema\/logo\/image\/"},"sameAs":["https:\/\/www.facebook.com\/paperandkraft","https:\/\/www.instagram.com\/paper_and_kraft\/","https:\/\/www.pinterest.fr\/paperandkraft\/"]}]}},"_links":{"self":[{"href":"https:\/\/paperandkraft.com\/shop\/wp-json\/wp\/v2\/pages\/2278","targetHints":{"allow":["GET"]}}],"collection":[{"href":"https:\/\/paperandkraft.com\/shop\/wp-json\/wp\/v2\/pages"}],"about":[{"href":"https:\/\/paperandkraft.com\/shop\/wp-json\/wp\/v2\/types\/page"}],"author":[{"embeddable":true,"href":"https:\/\/paperandkraft.com\/shop\/wp-json\/wp\/v2\/users\/1"}],"replies":[{"embeddable":true,"href":"https:\/\/paperandkraft.com\/shop\/wp-json\/wp\/v2\/comments?post=2278"}],"version-history":[{"count":0,"href":"https:\/\/paperandkraft.com\/shop\/wp-json\/wp\/v2\/pages\/2278\/revisions"}],"wp:attachment":[{"href":"https:\/\/paperandkraft.com\/shop\/wp-json\/wp\/v2\/media?parent=2278"}],"curies":[{"name":"wp","href":"https:\/\/api.w.org\/{rel}","templated":true}]}}