{"id":16305,"date":"2020-01-22T14:40:00","date_gmt":"2020-01-22T14:40:00","guid":{"rendered":"http:\/\/65degres.com\/65d\/?page_id=13"},"modified":"2023-11-20T23:45:49","modified_gmt":"2023-11-20T22:45:49","slug":"contactez-nous","status":"publish","type":"page","link":"https:\/\/paperandkraft.com\/shop\/contactez-nous\/","title":{"rendered":"Contact"},"content":{"rendered":"\n<p>\n\n\t<section class=\"section dark\" id=\"section_1901433374\">\n\t\t<div class=\"section-bg fill\" >\n\t\t\t<img loading=\"lazy\" decoding=\"async\" width=\"899\" height=\"544\" src=\"https:\/\/paperandkraft.com\/shop\/wp-content\/uploads\/2020\/03\/IMG_0476-1.jpg\" class=\"bg attachment- size-\" alt=\"faire-part de mariage et de naissance ecologiques\" \/>\t\t\t\t\t\t<div class=\"section-bg-overlay absolute fill\"><\/div>\n\t\t\t\n\n\t\t<\/div>\n\n\t\t\n\n\t\t<div class=\"section-content relative\">\n\t\t\t\n\n<div class=\"row\"  id=\"row-2002305640\">\n\n\n\t<div id=\"col-1864200031\" class=\"col small-12 large-12\"  >\n\t\t\t\t<div class=\"col-inner text-center\"  >\n\t\t\t\n\t\t\t\n\n<h2 style=\"font-size: 200%; text-align: center;\">Contact<\/h2>\n<p style=\"text-align: center;\">Vous souhaitez nous contacter? Nous aimerions recevoir de vos nouvelles. Voici comment vous pouvez nous joindre &#8230;.<\/p>\n<p>\u00a0<\/p>\n\n\t\t<\/div>\n\t\t\t\t\n<style>\n#col-1864200031 > .col-inner {\n  padding: 76px 0px 0px 0px;\n}\n<\/style>\n\t<\/div>\n\n\t\n\n<\/div>\n\n\t\t<\/div>\n\n\t\t\n<style>\n#section_1901433374 {\n  padding-top: 140px;\n  padding-bottom: 140px;\n  background-color: rgb(40, 40, 40);\n}\n#section_1901433374 .section-bg-overlay {\n  background-color: rgba(0, 0, 0, 0.3);\n}\n#section_1901433374 .section-bg img {\n  object-position: 10% 50%;\n}\n<\/style>\n\t<\/section>\n\t\n\n\t<section class=\"section\" id=\"section_1014347415\">\n\t\t<div class=\"section-bg fill\" >\n\t\t\t\t\t\t\t\t\t\n\t\t\t\n\n\t\t<\/div>\n\n\t\t\n\n\t\t<div class=\"section-content relative\">\n\t\t\t\n\n<div class=\"row\"  id=\"row-1060889506\">\n\n\n\t<div id=\"col-301535714\" class=\"col small-12 large-12\"  >\n\t\t\t\t<div class=\"col-inner\"  >\n\t\t\t\n\t\t\t\n\n<div class=\"row align-equal\"  id=\"row-746444606\">\n\n\n\t<div id=\"col-1273528593\" class=\"col medium-6 small-12 large-6\"  >\n\t\t\t\t<div class=\"col-inner text-center\"  >\n\t\t\t\n\t\t\t\n\n\n\t\t<div class=\"icon-box featured-box icon-box-center text-center\"  >\n\t\t\t\t\t<div class=\"icon-box-img\" style=\"width: 60px\">\n\t\t\t\t<div class=\"icon\">\n\t\t\t\t\t<div class=\"icon-inner\" >\n\t\t\t\t\t\t<img loading=\"lazy\" decoding=\"async\" width=\"300\" height=\"300\" src=\"https:\/\/paperandkraft.com\/shop\/wp-content\/uploads\/2020\/03\/contact-page-for-flatsome-wordpress-theme-pointed-icon-phone-300x300.png\" class=\"attachment-medium size-medium\" alt=\"contact-page-for-flatsome-wordpress-theme-pointed-icon-phone\" srcset=\"https:\/\/paperandkraft.com\/shop\/wp-content\/uploads\/2020\/03\/contact-page-for-flatsome-wordpress-theme-pointed-icon-phone-300x300.png 300w, https:\/\/paperandkraft.com\/shop\/wp-content\/uploads\/2020\/03\/contact-page-for-flatsome-wordpress-theme-pointed-icon-phone-500x500.png 500w, https:\/\/paperandkraft.com\/shop\/wp-content\/uploads\/2020\/03\/contact-page-for-flatsome-wordpress-theme-pointed-icon-phone-100x100.png 100w, https:\/\/paperandkraft.com\/shop\/wp-content\/uploads\/2020\/03\/contact-page-for-flatsome-wordpress-theme-pointed-icon-phone-150x150.png 150w, https:\/\/paperandkraft.com\/shop\/wp-content\/uploads\/2020\/03\/contact-page-for-flatsome-wordpress-theme-pointed-icon-phone.png 512w\" sizes=\"auto, (max-width: 300px) 100vw, 300px\" \/>\t\t\t\t\t<\/div>\n\t\t\t\t<\/div>\n\t\t\t<\/div>\n\t\t\t\t<div class=\"icon-box-text last-reset\">\n\t\t\t\t\t\t\t\t\t\n\n<h4>Envie de Parler ?<\/h4>\n<p>Vous avez une question qui vous br\u00fble la langue ? <br \/>dites le nous<\/p>\n<p>\u00a0<\/p>\n\n\t<div id=\"gap-419955675\" class=\"gap-element clearfix\" style=\"display:block; height:auto;\">\n\t\t\n<style>\n#gap-419955675 {\n  padding-top: 20px;\n}\n<\/style>\n\t<\/div>\n\t\n\n<a href=\"mailto:jbhumbert@paperandkraft.com\" class=\"button secondary\" >\n\t\t<span>jbhumbert@paperandkraft.com<\/span>\n\t<\/a>\n\n\n\n\t\t<\/div>\n\t<\/div>\n\t\n\t\n\n\t\t<\/div>\n\t\t\t\t\t<\/div>\n\n\t\n\n\t<div id=\"col-486937805\" class=\"col medium-6 small-12 large-6\"  >\n\t\t\t\t<div class=\"col-inner text-center\"  >\n\t\t\t\n\t\t\t\n\n\n\t\t<div class=\"icon-box featured-box icon-box-center text-center\"  >\n\t\t\t\t\t<div class=\"icon-box-img\" style=\"width: 60px\">\n\t\t\t\t<div class=\"icon\">\n\t\t\t\t\t<div class=\"icon-inner\" >\n\t\t\t\t\t\t<img loading=\"lazy\" decoding=\"async\" width=\"300\" height=\"300\" src=\"https:\/\/paperandkraft.com\/shop\/wp-content\/uploads\/2020\/03\/contact-page-for-flatsome-wordpress-theme-pointed-icon-chat-300x300.png\" class=\"attachment-medium size-medium\" alt=\"support\" srcset=\"https:\/\/paperandkraft.com\/shop\/wp-content\/uploads\/2020\/03\/contact-page-for-flatsome-wordpress-theme-pointed-icon-chat-300x300.png 300w, https:\/\/paperandkraft.com\/shop\/wp-content\/uploads\/2020\/03\/contact-page-for-flatsome-wordpress-theme-pointed-icon-chat-500x500.png 500w, https:\/\/paperandkraft.com\/shop\/wp-content\/uploads\/2020\/03\/contact-page-for-flatsome-wordpress-theme-pointed-icon-chat-100x100.png 100w, https:\/\/paperandkraft.com\/shop\/wp-content\/uploads\/2020\/03\/contact-page-for-flatsome-wordpress-theme-pointed-icon-chat-150x150.png 150w, https:\/\/paperandkraft.com\/shop\/wp-content\/uploads\/2020\/03\/contact-page-for-flatsome-wordpress-theme-pointed-icon-chat.png 512w\" sizes=\"auto, (max-width: 300px) 100vw, 300px\" \/>\t\t\t\t\t<\/div>\n\t\t\t\t<\/div>\n\t\t\t<\/div>\n\t\t\t\t<div class=\"icon-box-text last-reset\">\n\t\t\t\t\t\t\t\t\t\n\n<\/p>\n<h4>Contact support<\/h4>\n<p>Parfois, vous avez besoin d&#8217;un peu d&#8217;aide. Ne vous inqui\u00e9tez pas,<br \/>nous sommes l\u00e0 pour vous.<\/p>\n<p>\n\t<div id=\"gap-1775019583\" class=\"gap-element clearfix\" style=\"display:block; height:auto;\">\n\t\t\n<style>\n#gap-1775019583 {\n  padding-top: 20px;\n}\n<\/style>\n\t<\/div>\n\t\n\n\n\t\t<\/div>\n\t<\/div>\n\t\n\t\n<a href=\"mailto:jbhumbert@paperandkraft.com\" target=\"_blank\" class=\"button secondary\" rel=\"noopener\" >\n\t\t<span>Contact support<\/span>\n\t<\/a>\n\n\n\n\t\t<\/div>\n\t\t\t\t\t<\/div>\n\n\t\n\n\t<div id=\"col-1973202799\" class=\"col small-12 large-12\"  >\n\t\t\t\t<div class=\"col-inner text-center\" style=\"background-color:rgb(255,255,255);\" >\n\t\t\t\n\t\t\t\n\n<\/p>\n<h3>Poser une Question<\/h3>\n<p>\n<div class=\"is-divider divider clearfix\" ><\/div>\n\n<div class=\"row align-center\"  id=\"row-1242955923\">\n\n\n\t<div id=\"col-984513598\" class=\"col medium-11 small-12 large-9\"  >\n\t\t\t\t<div class=\"col-inner text-left\"  >\n\t\t\t\n\t\t\t\n\n<script type=\"text\/javascript\">var gform;gform||(document.addEventListener(\"gform_main_scripts_loaded\",function(){gform.scriptsLoaded=!0}),window.addEventListener(\"DOMContentLoaded\",function(){gform.domLoaded=!0}),gform={domLoaded:!1,scriptsLoaded:!1,initializeOnLoaded:function(o){gform.domLoaded&&gform.scriptsLoaded?o():!gform.domLoaded&&gform.scriptsLoaded?window.addEventListener(\"DOMContentLoaded\",o):document.addEventListener(\"gform_main_scripts_loaded\",o)},hooks:{action:{},filter:{}},addAction:function(o,n,r,t){gform.addHook(\"action\",o,n,r,t)},addFilter:function(o,n,r,t){gform.addHook(\"filter\",o,n,r,t)},doAction:function(o){gform.doHook(\"action\",o,arguments)},applyFilters:function(o){return gform.doHook(\"filter\",o,arguments)},removeAction:function(o,n){gform.removeHook(\"action\",o,n)},removeFilter:function(o,n,r){gform.removeHook(\"filter\",o,n,r)},addHook:function(o,n,r,t,i){null==gform.hooks[o][n]&&(gform.hooks[o][n]=[]);var e=gform.hooks[o][n];null==i&&(i=n+\"_\"+e.length),gform.hooks[o][n].push({tag:i,callable:r,priority:t=null==t?10:t})},doHook:function(n,o,r){var t;if(r=Array.prototype.slice.call(r,1),null!=gform.hooks[n][o]&&((o=gform.hooks[n][o]).sort(function(o,n){return o.priority-n.priority}),o.forEach(function(o){\"function\"!=typeof(t=o.callable)&&(t=window[t]),\"action\"==n?t.apply(null,r):r[0]=t.apply(null,r)})),\"filter\"==n)return r[0]},removeHook:function(o,n,t,i){var r;null!=gform.hooks[o][n]&&(r=(r=gform.hooks[o][n]).filter(function(o,n,r){return!!(null!=i&&i!=o.tag||null!=t&&t!=o.priority)}),gform.hooks[o][n]=r)}});<\/script>\n                <div class='gf_browser_gecko gform_wrapper gform_legacy_markup_wrapper gform-theme--no-framework' data-form-theme='legacy' data-form-index='0' id='gform_wrapper_50' ><form method='post' enctype='multipart\/form-data'  id='gform_50'  action='\/shop\/wp-json\/wp\/v2\/pages\/16305' data-formid='50' >\n                        <div class='gform-body gform_body'><ul id='gform_fields_50' class='gform_fields top_label form_sublabel_below description_below'><li id=\"field_50_1\"  class=\"gfield gfield--type-text field_sublabel_below gfield--no-description field_description_below gfield_visibility_visible\"  data-js-reload=\"field_50_1\"><label class='gfield_label gform-field-label' for='input_50_1' >VOTRE NOM<\/label><div class='ginput_container ginput_container_text'><input name='input_1' id='input_50_1' type='text' value='' class='medium'      aria-invalid=\"false\"   \/> <\/div><\/li><li id=\"field_50_2\"  class=\"gfield gfield--type-email field_sublabel_below gfield--no-description field_description_below gfield_visibility_visible\"  data-js-reload=\"field_50_2\"><label class='gfield_label gform-field-label' for='input_50_2' >VOTRE EMAIL<\/label><div class='ginput_container ginput_container_email'>\n                            <input name='input_2' id='input_50_2' type='text' value='' class='medium'     aria-invalid=\"false\"  \/>\n                        <\/div><\/li><li id=\"field_50_3\"  class=\"gfield gfield--type-textarea field_sublabel_below gfield--no-description field_description_below gfield_visibility_visible\"  data-js-reload=\"field_50_3\"><label class='gfield_label gform-field-label' for='input_50_3' >VOTRE MESSAGE<\/label><div class='ginput_container ginput_container_textarea'><textarea name='input_3' id='input_50_3' class='textarea medium'      aria-invalid=\"false\"   rows='10' cols='50'><\/textarea><\/div><\/li><li id=\"field_50_4\"  class=\"gfield gfield--type-captcha gfield--width-full field_sublabel_below gfield--no-description field_description_below gfield_visibility_visible\"  data-js-reload=\"field_50_4\"><label class='gfield_label gform-field-label' for='input_50_4' >CAPTCHA<\/label><div id='input_50_4' class='ginput_container ginput_recaptcha' data-sitekey='6LfUp4siAAAAAGu0o8i_7zsGbONUmA62_r42indL'  data-theme='light' data-tabindex='0'  data-badge=''><\/div><\/li><\/ul><\/div>\n        <div class='gform_footer top_label'> <input type='submit' id='gform_submit_button_50' class='gform_button button' value='Envoyer'  onclick='if(window[\"gf_submitting_50\"]){return false;}  window[\"gf_submitting_50\"]=true;  ' onkeypress='if( event.keyCode == 13 ){ if(window[\"gf_submitting_50\"]){return false;} window[\"gf_submitting_50\"]=true;  jQuery(\"#gform_50\").trigger(\"submit\",[true]); }' \/> \n            <input type='hidden' class='gform_hidden' name='is_submit_50' value='1' \/>\n            <input type='hidden' class='gform_hidden' name='gform_submit' value='50' \/>\n            \n            <input type='hidden' class='gform_hidden' name='gform_unique_id' value='' \/>\n            <input type='hidden' class='gform_hidden' name='state_50' value='WyJbXSIsImUyMjRmZWI5MGEwOTgwYWU0MjIyYmNkMDVkMmNlNmU4Il0=' \/>\n            <input type='hidden' class='gform_hidden' name='gform_target_page_number_50' id='gform_target_page_number_50' value='0' \/>\n            <input type='hidden' class='gform_hidden' name='gform_source_page_number_50' id='gform_source_page_number_50' value='1' \/>\n            <input type='hidden' name='gform_field_values' value='' \/>\n            \n        <\/div>\n                        <p style=\"display: none !important;\" class=\"akismet-fields-container\" data-prefix=\"ak_\"><label>&#916;<textarea name=\"ak_hp_textarea\" cols=\"45\" rows=\"8\" maxlength=\"100\"><\/textarea><\/label><input type=\"hidden\" id=\"ak_js_1\" name=\"ak_js\" value=\"195\"\/><script>document.getElementById( \"ak_js_1\" ).setAttribute( \"value\", ( new Date() ).getTime() );<\/script><\/p><\/form>\n                        <\/div><script type=\"text\/javascript\">\n\/* <![CDATA[ *\/\n gform.initializeOnLoaded( function() {gformInitSpinner( 50, 'https:\/\/paperandkraft.com\/shop\/wp-content\/plugins\/gravityforms\/images\/spinner.svg', true );jQuery('#gform_ajax_frame_50').on('load',function(){var contents = jQuery(this).contents().find('*').html();var is_postback = contents.indexOf('GF_AJAX_POSTBACK') >= 0;if(!is_postback){return;}var form_content = jQuery(this).contents().find('#gform_wrapper_50');var is_confirmation = jQuery(this).contents().find('#gform_confirmation_wrapper_50').length > 0;var is_redirect = contents.indexOf('gformRedirect(){') >= 0;var is_form = form_content.length > 0 && ! is_redirect && ! is_confirmation;var mt = parseInt(jQuery('html').css('margin-top'), 10) + parseInt(jQuery('body').css('margin-top'), 10) + 100;if(is_form){jQuery('#gform_wrapper_50').html(form_content.html());if(form_content.hasClass('gform_validation_error')){jQuery('#gform_wrapper_50').addClass('gform_validation_error');} else {jQuery('#gform_wrapper_50').removeClass('gform_validation_error');}setTimeout( function() { \/* delay the scroll by 50 milliseconds to fix a bug in chrome *\/  }, 50 );if(window['gformInitDatepicker']) {gformInitDatepicker();}if(window['gformInitPriceFields']) {gformInitPriceFields();}var current_page = jQuery('#gform_source_page_number_50').val();gformInitSpinner( 50, 'https:\/\/paperandkraft.com\/shop\/wp-content\/plugins\/gravityforms\/images\/spinner.svg', true );jQuery(document).trigger('gform_page_loaded', [50, current_page]);window['gf_submitting_50'] = false;}else if(!is_redirect){var confirmation_content = jQuery(this).contents().find('.GF_AJAX_POSTBACK').html();if(!confirmation_content){confirmation_content = contents;}setTimeout(function(){jQuery('#gform_wrapper_50').replaceWith(confirmation_content);jQuery(document).trigger('gform_confirmation_loaded', [50]);window['gf_submitting_50'] = false;wp.a11y.speak(jQuery('#gform_confirmation_message_50').text());}, 50);}else{jQuery('#gform_50').append(contents);if(window['gformRedirect']) {gformRedirect();}}jQuery(document).trigger('gform_post_render', [50, current_page]);gform.utils.trigger({ event: 'gform\/postRender', native: false, data: { formId: 50, currentPage: current_page } });} );} ); \n\/* ]]> *\/\n<\/script>\n\n\n\t\t<\/div>\n\t\t\t\t\t<\/div>\n\n\t\n\n<\/div>\n\n\t\t<\/div>\n\t\t\t\t\t<\/div>\n\n\t\n\n\t<div id=\"col-2022743273\" class=\"col small-12 large-12\"  >\n\t\t\t\t<div class=\"col-inner text-left\"  >\n\t\t\t\n\t\t\t\n\n\n\t<script type=\"text\/javascript\">\n  jQuery( document ).ready(function() {\n    function initialize() {\n        var styles = {\n            'flatsome':  [{\n            \"featureType\": \"administrative\",\n            \"stylers\": [\n              { \"visibility\": \"on\" }\n            ]\n          },\n          {\n            \"featureType\": \"road\",\n            \"stylers\": [\n              { \"visibility\": \"on\" },\n              { \"hue\": \"#000000\" }\n            ]\n          },\n          {\n            \"stylers\": [\n\t\t\t  { \"visibility\": \"on\" },\n\t\t\t  { \"hue\": \"#000000\" },\n\t\t\t  { \"saturation\": -100 }\n            ]\n          }\n        ]};\n\n        var myLatlng = new google.maps.LatLng(43.038046, 0.665086);\n        var myOptions = {\n            zoom: 13,\n            center: myLatlng,\n            mapTypeId: google.maps.MapTypeId.ROADMAP,\n            disableDefaultUI: true,\n            mapTypeId: 'flatsome',\n            draggable: true,\n            zoomControl: true,\n            zoomControlOptions: {\n              position: google.maps.ControlPosition.TOP_LEFT\n            },\n      \t\t\tmapTypeControl: false,\n            mapTypeControlOptions: {\n              position: google.maps.ControlPosition.TOP_LEFT\n            },\n      \t\t\tstreetViewControl: false,\n            streetViewControlOptions: {\n              position: google.maps.ControlPosition.TOP_LEFT\n            },\n            scrollwheel: false,\n            disableDoubleClickZoom: true\n        }\n        var map = new google.maps.Map(document.getElementById(\"map-342248208-inner\"), myOptions);\n        var styledMapType = new google.maps.StyledMapType(styles['flatsome'], {name: 'flatsome'});\n        map.mapTypes.set('flatsome', styledMapType);\n\n        var marker = new google.maps.Marker({\n            position: myLatlng,\n            map: map,\n            title:\"\"\n        });\n    }\n\n    \/\/ Required to proceed\n    if (!(typeof google === 'object' && typeof google.maps === 'object')) {\n      return\n    }\n\n    initialize()\n    google.maps.event.addDomListener(window, 'resize', initialize);\n    });\n    <\/script>\n\n    <div class=\"google-map relative mb\" id=\"map-342248208\">\n        <div class=\"map-height\" id=\"map-342248208-inner\"><\/div>\n        <div id=\"map_overlay_top\"><\/div>\n        <div id=\"map_overlay_bottom\"><\/div>\n                  <div class=\"map_inner map-inner last-reset absolute x100 md-x95 lg-x95 y100 md-y95 lg-y95\">\n              \n\n<\/p>\n<h4>Adresse du si\u00e8ge<\/h4>\n<p>rue Jacques Brel &#8211; 34530 Montagnac<\/p>\n<p>\n<a href=\"mailto:sduteil@paperandkraft.com\" class=\"button primary is-small expand\" >\n\t\t<span>Contacter la Direction<\/span>\n\t<i class=\"icon-map-pin-fill\" aria-hidden=\"true\"><\/i><\/a>\n\n\n\n         <\/div>\n       \n       \n<style>\n#map-342248208 .map-inner {\n  background-color: #fff;\n  max-width: 100%;\n}\n#map-342248208 .map-height {\n  height: 400px;\n}\n@media (min-width:550px) {\n  #map-342248208 .map-inner {\n    max-width: 40%;\n  }\n}\n@media (min-width:850px) {\n  #map-342248208 .map-inner {\n    max-width: 30%;\n  }\n}\n<\/style>\n    <\/div>\n\n\t\n\n\t\t<\/div>\n\t\t\t\t\t<\/div>\n\n\t\n\n\n<style>\n#row-746444606 > .col > .col-inner {\n  padding: 40px 40px 40px 40px;\n  background-color: rgb(255,255,255);\n}\n<\/style>\n<\/div>\n\n\t\t<\/div>\n\t\t\t\t\n<style>\n#col-301535714 > .col-inner {\n  margin: -110px 0px 0px 0px;\n}\n<\/style>\n\t<\/div>\n\n\t\n\n<\/div>\n<div class=\"row\"  id=\"row-493073562\">\n\n\n\t<div id=\"col-1542054029\" class=\"col small-12 large-12\"  >\n\t\t\t\t<div class=\"col-inner text-center\"  >\n\t\t\t\n\t\t\t\n\n<\/p>\n<h4>Paper And Kraft<\/h4>\n<p>SIRET : 881 329 205\/\/ R.C.S BEZIERS<\/p>\n<p>\n\n\t\t<\/div>\n\t\t\t\t\t<\/div>\n\n\t\n\n<\/div>\n\n\t\t<\/div>\n\n\t\t\n<style>\n#section_1014347415 {\n  padding-top: 30px;\n  padding-bottom: 30px;\n  background-color: rgb(244, 244, 244);\n}\n<\/style>\n\t<\/section>\n\t\n<\/p>\n\n","protected":false},"excerpt":{"rendered":"","protected":false},"author":1,"featured_media":0,"parent":0,"menu_order":0,"comment_status":"open","ping_status":"open","template":"page-transparent-header-light.php","meta":{"_acf_changed":false,"inline_featured_image":false,"footnotes":""},"class_list":["post-16305","page","type-page","status-publish","hentry"],"acf":[],"yoast_head":"<!-- This site is optimized with the Yoast SEO Premium plugin v24.6 (Yoast SEO v27.2) - https:\/\/yoast.com\/product\/yoast-seo-premium-wordpress\/ -->\n<title>Contactez-nous<\/title>\n<meta name=\"description\" content=\"Vous avez une question concernant un faire-part de mariage ou de naissance ? n&#039;h\u00e9sitez pas \u00e0 nous contacter, nous r\u00e9pondrons le plus rapidement possible.\" \/>\n<meta name=\"robots\" content=\"index, follow, max-snippet:-1, max-image-preview:large, max-video-preview:-1\" \/>\n<link rel=\"canonical\" href=\"https:\/\/paperandkraft.com\/shop\/contactez-nous\/\" \/>\n<meta property=\"og:locale\" content=\"fr_FR\" \/>\n<meta property=\"og:type\" content=\"article\" \/>\n<meta property=\"og:title\" content=\"Contact\" \/>\n<meta property=\"og:url\" content=\"https:\/\/paperandkraft.com\/shop\/contactez-nous\/\" \/>\n<meta property=\"og:site_name\" content=\"PaperAndKraft\" \/>\n<meta property=\"article:publisher\" content=\"https:\/\/www.facebook.com\/paperandkraft\" \/>\n<meta property=\"article:modified_time\" content=\"2023-11-20T22:45:49+00:00\" \/>\n<meta name=\"twitter:card\" content=\"summary_large_image\" \/>\n<meta name=\"twitter:label1\" content=\"Dur\u00e9e de lecture estim\u00e9e\" \/>\n\t<meta name=\"twitter:data1\" content=\"2 minutes\" \/>\n<!-- \/ Yoast SEO Premium plugin. -->","yoast_head_json":{"title":"Contactez-nous","description":"Vous avez une question concernant un faire-part de mariage ou de naissance ? n'h\u00e9sitez pas \u00e0 nous contacter, nous r\u00e9pondrons le plus rapidement possible.","robots":{"index":"index","follow":"follow","max-snippet":"max-snippet:-1","max-image-preview":"max-image-preview:large","max-video-preview":"max-video-preview:-1"},"canonical":"https:\/\/paperandkraft.com\/shop\/contactez-nous\/","og_locale":"fr_FR","og_type":"article","og_title":"Contact","og_url":"https:\/\/paperandkraft.com\/shop\/contactez-nous\/","og_site_name":"PaperAndKraft","article_publisher":"https:\/\/www.facebook.com\/paperandkraft","article_modified_time":"2023-11-20T22:45:49+00:00","twitter_card":"summary_large_image","twitter_misc":{"Dur\u00e9e de lecture estim\u00e9e":"2 minutes"},"schema":{"@context":"https:\/\/schema.org","@graph":[{"@type":"WebPage","@id":"https:\/\/paperandkraft.com\/shop\/contactez-nous\/","url":"https:\/\/paperandkraft.com\/shop\/contactez-nous\/","name":"Contactez-nous","isPartOf":{"@id":"https:\/\/paperandkraft.com\/shop\/#website"},"datePublished":"2020-01-22T14:40:00+00:00","dateModified":"2023-11-20T22:45:49+00:00","description":"Vous avez une question concernant un faire-part de mariage ou de naissance ? n'h\u00e9sitez pas \u00e0 nous contacter, nous r\u00e9pondrons le plus rapidement possible.","breadcrumb":{"@id":"https:\/\/paperandkraft.com\/shop\/contactez-nous\/#breadcrumb"},"inLanguage":"fr-FR","potentialAction":[{"@type":"ReadAction","target":["https:\/\/paperandkraft.com\/shop\/contactez-nous\/"]}]},{"@type":"BreadcrumbList","@id":"https:\/\/paperandkraft.com\/shop\/contactez-nous\/#breadcrumb","itemListElement":[{"@type":"ListItem","position":1,"name":"Accueil","item":"https:\/\/paperandkraft.com\/shop\/"},{"@type":"ListItem","position":2,"name":"Contact"}]},{"@type":"WebSite","@id":"https:\/\/paperandkraft.com\/shop\/#website","url":"https:\/\/paperandkraft.com\/shop\/","name":"PaperAndKraft","description":"Faire-part de mariage et naissance en papier recycl\u00e9","publisher":{"@id":"https:\/\/paperandkraft.com\/shop\/#organization"},"potentialAction":[{"@type":"SearchAction","target":{"@type":"EntryPoint","urlTemplate":"https:\/\/paperandkraft.com\/shop\/?s={search_term_string}"},"query-input":{"@type":"PropertyValueSpecification","valueRequired":true,"valueName":"search_term_string"}}],"inLanguage":"fr-FR"},{"@type":"Organization","@id":"https:\/\/paperandkraft.com\/shop\/#organization","name":"Paper And Kraft : Faire-Part","url":"https:\/\/paperandkraft.com\/shop\/","logo":{"@type":"ImageObject","inLanguage":"fr-FR","@id":"https:\/\/paperandkraft.com\/shop\/#\/schema\/logo\/image\/","url":"https:\/\/paperandkraft.com\/shop\/wp-content\/uploads\/2020\/03\/logo-2020-noir-1.png","contentUrl":"https:\/\/paperandkraft.com\/shop\/wp-content\/uploads\/2020\/03\/logo-2020-noir-1.png","width":350,"height":76,"caption":"Paper And Kraft : Faire-Part"},"image":{"@id":"https:\/\/paperandkraft.com\/shop\/#\/schema\/logo\/image\/"},"sameAs":["https:\/\/www.facebook.com\/paperandkraft","https:\/\/www.instagram.com\/paper_and_kraft\/","https:\/\/www.pinterest.fr\/paperandkraft\/"]}]}},"_links":{"self":[{"href":"https:\/\/paperandkraft.com\/shop\/wp-json\/wp\/v2\/pages\/16305","targetHints":{"allow":["GET"]}}],"collection":[{"href":"https:\/\/paperandkraft.com\/shop\/wp-json\/wp\/v2\/pages"}],"about":[{"href":"https:\/\/paperandkraft.com\/shop\/wp-json\/wp\/v2\/types\/page"}],"author":[{"embeddable":true,"href":"https:\/\/paperandkraft.com\/shop\/wp-json\/wp\/v2\/users\/1"}],"replies":[{"embeddable":true,"href":"https:\/\/paperandkraft.com\/shop\/wp-json\/wp\/v2\/comments?post=16305"}],"version-history":[{"count":1,"href":"https:\/\/paperandkraft.com\/shop\/wp-json\/wp\/v2\/pages\/16305\/revisions"}],"predecessor-version":[{"id":22288,"href":"https:\/\/paperandkraft.com\/shop\/wp-json\/wp\/v2\/pages\/16305\/revisions\/22288"}],"wp:attachment":[{"href":"https:\/\/paperandkraft.com\/shop\/wp-json\/wp\/v2\/media?parent=16305"}],"curies":[{"name":"wp","href":"https:\/\/api.w.org\/{rel}","templated":true}]}}