{"id":16295,"date":"2020-03-03T08:30:51","date_gmt":"2020-03-03T08:30:51","guid":{"rendered":"http:\/\/65degres.com\/65d\/?page_id=15882"},"modified":"2021-05-12T11:38:30","modified_gmt":"2021-05-12T11:38:30","slug":"votre-maquette-naissance-gratuite-2","status":"publish","type":"page","link":"https:\/\/paperandkraft.com\/shop\/votre-maquette-naissance-gratuite-2\/","title":{"rendered":"Votre Maquette Naissance Gratuite"},"content":{"rendered":"\n  <div id=\"page-header-883261662\" class=\"page-header-wrapper\">\n  <div class=\"page-title dark featured-title\">\n\n        <div class=\"page-title-bg\">\n      <div class=\"title-bg fill bg-fill\"\n        data-parallax-container=\".page-title\"\n        data-parallax-background\n        data-parallax=\"-\">\n      <\/div>\n      <div class=\"title-overlay fill\"><\/div>\n    <\/div>\n    \n    <div class=\"page-title-inner container align-center text-center flex-row-col medium-flex-wrap\" >\n            <div class=\"title-content flex-col\">\n        <ul class=\"nav sm-touch-scroll nav-line-grow nav-uppercase text-center nav-center\"><li class=\"nav-single-page hidden\"><\/li><\/ul>      <\/div>\n    <\/div>\n\n     \n<style>\n#page-header-883261662 .page-title-inner {\n  min-height: 153px;\n}\n#page-header-883261662 .title-bg {\n  background-image: url(https:\/\/paperandkraft.com\/shop\/wp-content\/uploads\/2017\/11\/collection-kids.jpg);\n  background-position: 50% 24%;\n}\n<\/style>\n  <\/div>\n    <\/div>\n  \n\n\n\t<section class=\"section\" id=\"section_1900013179\">\n\t\t<div class=\"section-bg fill\" >\n\t\t\t\t\t\t\t\t\t\n\t\t\t\n\n\t\t<\/div>\n\n\t\t\n\n\t\t<div class=\"section-content relative\">\n\t\t\t\n\n<div class=\"row\"  id=\"row-1877233579\">\n\n\n\t<div id=\"col-525119957\" class=\"col small-12 large-12\"  >\n\t\t\t\t<div class=\"col-inner\" style=\"background-color:rgb(239, 239, 239);\" >\n\t\t\t\n\t\t\t\n\n<div class=\"text-center\"><div class=\"is-divider divider clearfix\" style=\"margin-top:10px;margin-bottom:10px;background-color:rgba(0, 0, 0, 0.16);\"><\/div><\/div>\n\n<div class=\"row align-center\"  id=\"row-795239278\">\n\n\n\t<div id=\"col-332858194\" class=\"col medium-9 small-10 large-7\"  >\n\t\t\t\t<div class=\"col-inner text-center\"  >\n\t\t\t\n\t\t\t\n\n<h2>Votre Maquette Gratuite<\/h2>\n<p>Chez Paper And Kraft, nous comprenons que ce soit difficile de s&#8217;engager sans savoir \u00e0 quoi va ressembler son faire-part &#8230; Alors nous avons d\u00e9cid\u00e9 que votre <strong>Premi\u00e8re Maquette<\/strong> serait gratuite !<\/p>\n<p>Remplissez le formulaire et nous vous proposerons une maquette en fonction des \u00e9lements<br \/>( texte(s) et photo(s) ) que vous nous aurez transmis.&nbsp;<\/p>\n\n\t\t<\/div>\n\t\t\t\t\n<style>\n#col-332858194 > .col-inner {\n  margin: 20px 0px 20px 0px;\n}\n<\/style>\n\t<\/div>\n\n\t\n\n\t<div id=\"col-1211128678\" class=\"col medium-11 small-12 large-10\"  >\n\t\t\t\t<div class=\"col-inner\"  >\n\t\t\t\n\t\t\t\n\n<script type=\"text\/javascript\">var gform;gform||(document.addEventListener(\"gform_main_scripts_loaded\",function(){gform.scriptsLoaded=!0}),window.addEventListener(\"DOMContentLoaded\",function(){gform.domLoaded=!0}),gform={domLoaded:!1,scriptsLoaded:!1,initializeOnLoaded:function(o){gform.domLoaded&&gform.scriptsLoaded?o():!gform.domLoaded&&gform.scriptsLoaded?window.addEventListener(\"DOMContentLoaded\",o):document.addEventListener(\"gform_main_scripts_loaded\",o)},hooks:{action:{},filter:{}},addAction:function(o,n,r,t){gform.addHook(\"action\",o,n,r,t)},addFilter:function(o,n,r,t){gform.addHook(\"filter\",o,n,r,t)},doAction:function(o){gform.doHook(\"action\",o,arguments)},applyFilters:function(o){return gform.doHook(\"filter\",o,arguments)},removeAction:function(o,n){gform.removeHook(\"action\",o,n)},removeFilter:function(o,n,r){gform.removeHook(\"filter\",o,n,r)},addHook:function(o,n,r,t,i){null==gform.hooks[o][n]&&(gform.hooks[o][n]=[]);var e=gform.hooks[o][n];null==i&&(i=n+\"_\"+e.length),gform.hooks[o][n].push({tag:i,callable:r,priority:t=null==t?10:t})},doHook:function(n,o,r){var t;if(r=Array.prototype.slice.call(r,1),null!=gform.hooks[n][o]&&((o=gform.hooks[n][o]).sort(function(o,n){return o.priority-n.priority}),o.forEach(function(o){\"function\"!=typeof(t=o.callable)&&(t=window[t]),\"action\"==n?t.apply(null,r):r[0]=t.apply(null,r)})),\"filter\"==n)return r[0]},removeHook:function(o,n,t,i){var r;null!=gform.hooks[o][n]&&(r=(r=gform.hooks[o][n]).filter(function(o,n,r){return!!(null!=i&&i!=o.tag||null!=t&&t!=o.priority)}),gform.hooks[o][n]=r)}});<\/script>\n                <div class='gf_browser_gecko gform_wrapper gform_legacy_markup_wrapper gform-theme--no-framework gf_stylespro_wrapper sp_inherit_wrapper' data-form-theme='legacy' data-form-index='0' id='gform_wrapper_47' ><div id='gf_47' class='gform_anchor' tabindex='-1'><\/div><form method='post' enctype='multipart\/form-data' target='gform_ajax_frame_47' id='gform_47' class=' gf_stylespro sp_inherit' action='\/shop\/wp-json\/wp\/v2\/pages\/16295#gf_47' data-formid='47' >\n                        <div class='gform-body gform_body'><ul id='gform_fields_47' class='gform_fields top_label form_sublabel_below description_below'><li id=\"field_47_19\"  class=\"gfield gfield--type-text field_sublabel_below gfield--no-description field_description_below gfield_visibility_hidden\"  data-js-reload=\"field_47_19\"><div class='admin-hidden-markup'><i class='gform-icon gform-icon--hidden'><\/i><span>Hidden<\/span><\/div><label class='gfield_label gform-field-label' for='input_47_19' >NOM DU MODELE<\/label><div class='ginput_container ginput_container_text'><input name='input_19' id='input_47_19' type='text' value='' class='medium'      aria-invalid=\"false\"   \/> <\/div><\/li><li id=\"field_47_12\"  class=\"gfield gfield--type-section gsection field_sublabel_below gfield--no-description field_description_below gfield_visibility_visible\"  data-js-reload=\"field_47_12\"><h2 class=\"gsection_title\">INFOS<\/h2><\/li><li id=\"field_47_8\"  class=\"gfield gfield--type-email gfield_contains_required field_sublabel_below gfield--no-description field_description_below gfield_visibility_visible gf_third o_medium\"  data-field-class=\"gf_third o_medium\" data-js-reload=\"field_47_8\"><label class='gfield_label gform-field-label' for='input_47_8' >VOTRE EMAIL<span class=\"gfield_required\"><span class=\"gfield_required gfield_required_asterisk\">*<\/span><\/span><\/label><div class='ginput_container ginput_container_email'>\n                            <input name='input_8' id='input_47_8' type='text' value='' class='large'    aria-required=\"true\" aria-invalid=\"false\"  \/>\n                        <\/div><\/li><li id=\"field_47_17\"  class=\"gfield gfield--type-text gfield_contains_required field_sublabel_below gfield--no-description field_description_below gfield_visibility_visible gf_third o_medium\"  data-field-class=\"gf_third o_medium\" data-js-reload=\"field_47_17\"><label class='gfield_label gform-field-label' for='input_47_17' >VOTRE NOM<span class=\"gfield_required\"><span class=\"gfield_required gfield_required_asterisk\">*<\/span><\/span><\/label><div class='ginput_container ginput_container_text'><input name='input_17' id='input_47_17' type='text' value='' class='large'     aria-required=\"true\" aria-invalid=\"false\"   \/> <\/div><\/li><li id=\"field_47_20\"  class=\"gfield gfield--type-radio gfield--type-choice gfield_contains_required field_sublabel_below gfield--no-description field_description_below gfield_visibility_visible gf_third o_medium\"  data-field-class=\"gf_third o_medium\" data-js-reload=\"field_47_20\"><label class='gfield_label gform-field-label'  >COMMENT NOUS AVEZ-VOUS CONNUS ?<span class=\"gfield_required\"><span class=\"gfield_required gfield_required_asterisk\">*<\/span><\/span><\/label><div class='ginput_container ginput_container_radio'><ul class='gfield_radio' id='input_47_20'>\n\t\t\t<li class='gchoice gchoice_47_20_0'>\n\t\t\t\t<input name='input_20' type='radio' value='Google'  id='choice_47_20_0'    \/>\n\t\t\t\t<label for='choice_47_20_0' id='label_47_20_0' class='gform-field-label gform-field-label--type-inline'>Google<\/label>\n\t\t\t<\/li>\n\t\t\t<li class='gchoice gchoice_47_20_1'>\n\t\t\t\t<input name='input_20' type='radio' value='Facebook'  id='choice_47_20_1'    \/>\n\t\t\t\t<label for='choice_47_20_1' id='label_47_20_1' class='gform-field-label gform-field-label--type-inline'>Facebook<\/label>\n\t\t\t<\/li>\n\t\t\t<li class='gchoice gchoice_47_20_2'>\n\t\t\t\t<input name='input_20' type='radio' value='Pinterest'  id='choice_47_20_2'    \/>\n\t\t\t\t<label for='choice_47_20_2' id='label_47_20_2' class='gform-field-label gform-field-label--type-inline'>Pinterest<\/label>\n\t\t\t<\/li>\n\t\t\t<li class='gchoice gchoice_47_20_3'>\n\t\t\t\t<input name='input_20' type='radio' value='Autre'  id='choice_47_20_3'    \/>\n\t\t\t\t<label for='choice_47_20_3' id='label_47_20_3' class='gform-field-label gform-field-label--type-inline'>Autre<\/label>\n\t\t\t<\/li><\/ul><\/div><\/li><li id=\"field_47_14\"  class=\"gfield gfield--type-section gsection field_sublabel_below gfield--no-description field_description_below gfield_visibility_visible\"  data-js-reload=\"field_47_14\"><h2 class=\"gsection_title\">PERSONNALISATION<\/h2><\/li><li id=\"field_47_4\"  class=\"gfield gfield--type-textarea field_sublabel_below gfield--no-description field_description_below gfield_visibility_visible gf_half o_medium\"  data-field-class=\"gf_half o_medium\" data-js-reload=\"field_47_4\"><label class='gfield_label gform-field-label' for='input_47_4' >TEXTE DE LA COUVERTURE<\/label><div class='ginput_container ginput_container_textarea'><textarea name='input_4' id='input_47_4' class='textarea medium'    placeholder='g\u00e9n\u00e9ralement le pr\u00e9nom du b\u00e9b\u00e9 et la date de naissance si vous souhaitez qu&#039;elle apparaisse'  aria-invalid=\"false\"   rows='10' cols='50'><\/textarea><\/div><\/li><li id=\"field_47_15\"  class=\"gfield gfield--type-textarea field_sublabel_below gfield--no-description field_description_below gfield_visibility_visible gf_half o_medium\"  data-field-class=\"gf_half o_medium\" data-js-reload=\"field_47_15\"><label class='gfield_label gform-field-label' for='input_47_15' >TEXTE DE L&#039;ANNONCE<\/label><div class='ginput_container ginput_container_textarea'><textarea name='input_15' id='input_47_15' class='textarea medium'      aria-invalid=\"false\"   rows='10' cols='50'><\/textarea><\/div><\/li><li id=\"field_47_9\"  class=\"gfield gfield--type-textarea gfield_contains_required field_sublabel_below gfield--no-description field_description_below gfield_visibility_visible gf_half o_medium\"  data-field-class=\"gf_half o_medium\" data-js-reload=\"field_47_9\"><label class='gfield_label gform-field-label' for='input_47_9' >NOMS &amp; ADRESSE FIGURANT SUR LE FAIRE-PART<span class=\"gfield_required\"><span class=\"gfield_required gfield_required_asterisk\">*<\/span><\/span><\/label><div class='ginput_container ginput_container_textarea'><textarea name='input_9' id='input_47_9' class='textarea medium'    placeholder='C&#039;est pas mal que vos proches sachent qui envoie ce joli faire-part ... :)' aria-required=\"true\" aria-invalid=\"false\"   rows='10' cols='50'><\/textarea><\/div><\/li><li id=\"field_47_5\"  class=\"gfield gfield--type-select gfield_contains_required field_sublabel_below gfield--no-description field_description_below gfield_visibility_visible o_medium\"  data-field-class=\"o_medium\" data-js-reload=\"field_47_5\"><label class='gfield_label gform-field-label' for='input_47_5' >CHOISISSEZ LE STYLE DE CARACTERE<span class=\"gfield_required\"><span class=\"gfield_required gfield_required_asterisk\">*<\/span><\/span><\/label><div class='ginput_container ginput_container_select'><select name='input_5' id='input_47_5' class='large gfield_select'    aria-required=\"true\" aria-invalid=\"false\" ><option value='Comme sur le site' >Comme sur le site<\/option><option value='Aaux Office' >Aaux Office<\/option><option value='Adam&#039;s Hand' >Adam&#039;s Hand<\/option><option value='Alianza Script' >Alianza Script<\/option><option value='Amazone' >Amazone<\/option><option value='Oswald' >Oswald<\/option><option value='Bickley Script' >Bickley Script<\/option><option value='Bradley&#039;s Hand' >Bradley&#039;s Hand<\/option><option value='Bodoni' >Bodoni<\/option><option value='Brandon' >Brandon<\/option><option value='Cantoni Pro' >Cantoni Pro<\/option><option value='Bellanche' >Bellanche<\/option><option value='Bombshel' >Bombshel<\/option><option value='Feel' >Feel<\/option><option value='Conduit' >Conduit<\/option><option value='Engravers' >Engravers<\/option><option value='El\u00e9gance' >El\u00e9gance<\/option><option value='Miss Legatees' >Miss Legatees<\/option><option value='Mathl\u00e8te' >Mathl\u00e8te<\/option><option value='Max&#039;s Hand' >Max&#039;s Hand<\/option><option value='Trend Slab' >Trend Slab<\/option><option value='Wisdom Script' >Wisdom Script<\/option><\/select><\/div><\/li><li id=\"field_47_6\"  class=\"gfield gfield--type-html gfield_html gfield_html_formatted gfield_no_follows_desc field_sublabel_below gfield--no-description field_description_below gfield_visibility_visible o_medium\"  data-field-class=\"o_medium\" data-js-reload=\"field_47_6\"><a href=\"#typo\">Voir les diff\u00e9rents styles de caract\u00e8res<\/a>\n\n\t<div id=\"typo\"\n\t     class=\"lightbox-by-id lightbox-content mfp-hide lightbox-white \"\n\t     style=\"max-width:1000px ;padding:20px\">\n\t\t<img loading=\"lazy\" decoding=\"async\" width=\"1000\" height=\"800\" src=\"https:\/\/paperandkraft.com\/shop\/wp-content\/uploads\/2015\/11\/fonts1.jpg\" class=\"wp-post-image skip-lazy\" alt=\"Typographies disponibles\"<\/a>\t<\/div>\n\t\n\t<\/li><li id=\"field_47_18\"  class=\"gfield gfield--type-fileupload field_sublabel_below gfield--no-description field_description_below gfield_visibility_visible\"  data-js-reload=\"field_47_18\"><label class='gfield_label gform-field-label' for='gform_browse_button_47_18' >METTEZ VOS PHOTOS ICI<\/label><div class='ginput_container ginput_container_fileupload'><div id='gform_multifile_upload_47_18' data-settings='{&quot;runtimes&quot;:&quot;html5,flash,html4&quot;,&quot;browse_button&quot;:&quot;gform_browse_button_47_18&quot;,&quot;container&quot;:&quot;gform_multifile_upload_47_18&quot;,&quot;drop_element&quot;:&quot;gform_drag_drop_area_47_18&quot;,&quot;filelist&quot;:&quot;gform_preview_47_18&quot;,&quot;unique_names&quot;:true,&quot;file_data_name&quot;:&quot;file&quot;,&quot;url&quot;:&quot;https:\\\/\\\/paperandkraft.com\\\/shop\\\/?gf_page=0a2276e3dbb8a27&quot;,&quot;flash_swf_url&quot;:&quot;https:\\\/\\\/paperandkraft.com\\\/shop\\\/wp-includes\\\/js\\\/plupload\\\/plupload.flash.swf&quot;,&quot;silverlight_xap_url&quot;:&quot;https:\\\/\\\/paperandkraft.com\\\/shop\\\/wp-includes\\\/js\\\/plupload\\\/plupload.silverlight.xap&quot;,&quot;filters&quot;:{&quot;mime_types&quot;:[{&quot;title&quot;:&quot;Fichiers autoris\\u00e9s&quot;,&quot;extensions&quot;:&quot;*&quot;}],&quot;max_file_size&quot;:&quot;134217728b&quot;},&quot;multipart&quot;:true,&quot;urlstream_upload&quot;:false,&quot;multipart_params&quot;:{&quot;form_id&quot;:47,&quot;field_id&quot;:18},&quot;gf_vars&quot;:{&quot;max_files&quot;:&quot;5&quot;,&quot;message_id&quot;:&quot;gform_multifile_messages_47_18&quot;,&quot;disallowed_extensions&quot;:[&quot;php&quot;,&quot;asp&quot;,&quot;aspx&quot;,&quot;cmd&quot;,&quot;csh&quot;,&quot;bat&quot;,&quot;html&quot;,&quot;htm&quot;,&quot;hta&quot;,&quot;jar&quot;,&quot;exe&quot;,&quot;com&quot;,&quot;js&quot;,&quot;lnk&quot;,&quot;htaccess&quot;,&quot;phtml&quot;,&quot;ps1&quot;,&quot;ps2&quot;,&quot;php3&quot;,&quot;php4&quot;,&quot;php5&quot;,&quot;php6&quot;,&quot;py&quot;,&quot;rb&quot;,&quot;tmp&quot;]}}' class='gform_fileupload_multifile'>\n\t\t\t\t\t\t\t\t\t\t<div id='gform_drag_drop_area_47_18' class='gform_drop_area gform-theme-field-control'>\n\t\t\t\t\t\t\t\t\t\t\t<span class='gform_drop_instructions'>D\u00e9poser les fichiers ici ou <\/span>\n\t\t\t\t\t\t\t\t\t\t\t<button type='button' id='gform_browse_button_47_18' class='button gform_button_select_files gform-theme-button gform-theme-button--control' aria-describedby=\"gfield_upload_rules_47_18\"  >S\u00e9lectionnez des fichiers<\/button>\n\t\t\t\t\t\t\t\t\t\t<\/div>\n\t\t\t\t\t\t\t\t\t<\/div><span class='gfield_description gform_fileupload_rules' id='gfield_upload_rules_47_18'>Taille max. des fichiers\u00a0: 128 MB, Max. des fichiers\u00a0: 5.<\/span><ul class='validation_message--hidden-on-empty gform-ul-reset' id='gform_multifile_messages_47_18'><\/ul> <!-- Leave <ul> empty to support CSS :empty selector. --><\/div><div id='gform_preview_47_18' class='ginput_preview_list'><\/div><\/li><\/ul><\/div>\n        <div class='gform_footer top_label'> <input type='submit' id='gform_submit_button_47' class='gform_button button' value='ENVOYER'  onclick='if(window[\"gf_submitting_47\"]){return false;}  window[\"gf_submitting_47\"]=true;  ' onkeypress='if( event.keyCode == 13 ){ if(window[\"gf_submitting_47\"]){return false;} window[\"gf_submitting_47\"]=true;  jQuery(\"#gform_47\").trigger(\"submit\",[true]); }' \/> <input type='hidden' name='gform_ajax' value='form_id=47&amp;title=&amp;description=&amp;tabindex=0' \/>\n            <input type='hidden' class='gform_hidden' name='is_submit_47' value='1' \/>\n            <input type='hidden' class='gform_hidden' name='gform_submit' value='47' \/>\n            \n            <input type='hidden' class='gform_hidden' name='gform_unique_id' value='' \/>\n            <input type='hidden' class='gform_hidden' name='state_47' value='WyJbXSIsImUyMjRmZWI5MGEwOTgwYWU0MjIyYmNkMDVkMmNlNmU4Il0=' \/>\n            <input type='hidden' class='gform_hidden' name='gform_target_page_number_47' id='gform_target_page_number_47' value='0' \/>\n            <input type='hidden' class='gform_hidden' name='gform_source_page_number_47' id='gform_source_page_number_47' value='1' \/>\n            <input type='hidden' name='gform_field_values' value='' \/>\n            <input type='hidden' name='gform_uploaded_files' id='gform_uploaded_files_47' value='' \/>\n        <\/div>\n                        <p style=\"display: none !important;\" class=\"akismet-fields-container\" data-prefix=\"ak_\"><label>&#916;<textarea name=\"ak_hp_textarea\" cols=\"45\" rows=\"8\" maxlength=\"100\"><\/textarea><\/label><input type=\"hidden\" id=\"ak_js_1\" name=\"ak_js\" value=\"38\"\/><script>document.getElementById( \"ak_js_1\" ).setAttribute( \"value\", ( new Date() ).getTime() );<\/script><\/p><\/form>\n                        <\/div>\n\t\t                <iframe style='display:none;width:0px;height:0px;' src='about:blank' name='gform_ajax_frame_47' id='gform_ajax_frame_47' title='Cette iframe contient la logique n\u00e9cessaire pour manipuler Gravity Forms avec Ajax.'><\/iframe>\n\t\t                <script type=\"text\/javascript\">\n\/* <![CDATA[ *\/\n gform.initializeOnLoaded( function() {gformInitSpinner( 47, 'https:\/\/paperandkraft.com\/shop\/wp-content\/plugins\/gravityforms\/images\/spinner.svg', true );jQuery('#gform_ajax_frame_47').on('load',function(){var contents = jQuery(this).contents().find('*').html();var is_postback = contents.indexOf('GF_AJAX_POSTBACK') >= 0;if(!is_postback){return;}var form_content = jQuery(this).contents().find('#gform_wrapper_47');var is_confirmation = jQuery(this).contents().find('#gform_confirmation_wrapper_47').length > 0;var is_redirect = contents.indexOf('gformRedirect(){') >= 0;var is_form = form_content.length > 0 && ! is_redirect && ! is_confirmation;var mt = parseInt(jQuery('html').css('margin-top'), 10) + parseInt(jQuery('body').css('margin-top'), 10) + 100;if(is_form){jQuery('#gform_wrapper_47').html(form_content.html());if(form_content.hasClass('gform_validation_error')){jQuery('#gform_wrapper_47').addClass('gform_validation_error');} else {jQuery('#gform_wrapper_47').removeClass('gform_validation_error');}setTimeout( function() { \/* delay the scroll by 50 milliseconds to fix a bug in chrome *\/ jQuery(document).scrollTop(jQuery('#gform_wrapper_47').offset().top - mt); }, 50 );if(window['gformInitDatepicker']) {gformInitDatepicker();}if(window['gformInitPriceFields']) {gformInitPriceFields();}var current_page = jQuery('#gform_source_page_number_47').val();gformInitSpinner( 47, 'https:\/\/paperandkraft.com\/shop\/wp-content\/plugins\/gravityforms\/images\/spinner.svg', true );jQuery(document).trigger('gform_page_loaded', [47, current_page]);window['gf_submitting_47'] = false;}else if(!is_redirect){var confirmation_content = jQuery(this).contents().find('.GF_AJAX_POSTBACK').html();if(!confirmation_content){confirmation_content = contents;}setTimeout(function(){jQuery('#gform_wrapper_47').replaceWith(confirmation_content);jQuery(document).scrollTop(jQuery('#gf_47').offset().top - mt);jQuery(document).trigger('gform_confirmation_loaded', [47]);window['gf_submitting_47'] = false;wp.a11y.speak(jQuery('#gform_confirmation_message_47').text());}, 50);}else{jQuery('#gform_47').append(contents);if(window['gformRedirect']) {gformRedirect();}}jQuery(document).trigger('gform_post_render', [47, current_page]);gform.utils.trigger({ event: 'gform\/postRender', native: false, data: { formId: 47, currentPage: current_page } });} );} ); \n\/* ]]> *\/\n<\/script>\n\n\n\t\t<\/div>\n\t\t\t\t\t<\/div>\n\n\t\n\n<\/div>\n\n\t\t<\/div>\n\t\t\t\t\n<style>\n#col-525119957 > .col-inner {\n  padding: 30px 0px 0px 0px;\n  margin: -70px 0px 0px 0px;\n}\n<\/style>\n\t<\/div>\n\n\t\n\n<\/div>\n<div class=\"row align-center\"  id=\"row-525048340\">\n\n\n\n<style>\n#row-525048340 > .col > .col-inner {\n  padding: 50px 0px 20px 0px;\n}\n@media (min-width:550px) {\n  #row-525048340 > .col > .col-inner {\n    padding: 100px 0px 50px 0px;\n  }\n}\n<\/style>\n<\/div>\n\n\t\t<\/div>\n\n\t\t\n<style>\n#section_1900013179 {\n  padding-top: 30px;\n  padding-bottom: 30px;\n}\n<\/style>\n\t<\/section>\n\t\n\n\t<section class=\"section\" id=\"section_72496908\">\n\t\t<div class=\"section-bg fill\" >\n\t\t\t\t\t\t\t\t\t\n\t\t\t\n\n\t\t<\/div>\n\n\t\t\n\n\t\t<div class=\"section-content relative\">\n\t\t\t\n\n\n\t\t<\/div>\n\n\t\t\n<style>\n#section_72496908 {\n  padding-top: 0px;\n  padding-bottom: 0px;\n  background-color: rgb(244, 244, 244);\n}\n<\/style>\n\t<\/section>\n\t\n\n","protected":false},"excerpt":{"rendered":"","protected":false},"author":1,"featured_media":0,"parent":0,"menu_order":0,"comment_status":"closed","ping_status":"closed","template":"page-transparent-header-light.php","meta":{"_acf_changed":false,"inline_featured_image":false,"footnotes":""},"class_list":["post-16295","page","type-page","status-publish","hentry"],"acf":[],"yoast_head":"<!-- This site is optimized with the Yoast SEO Premium plugin v24.6 (Yoast SEO v27.4) - https:\/\/yoast.com\/product\/yoast-seo-premium-wordpress\/ -->\n<title>Votre maquette de faire-part de Naissance Gratuite<\/title>\n<meta name=\"description\" content=\"Demandez votre essai Gratuit\" \/>\n<meta name=\"robots\" content=\"noindex, nofollow\" \/>\n<meta property=\"og:locale\" content=\"fr_FR\" \/>\n<meta property=\"og:type\" content=\"article\" \/>\n<meta property=\"og:title\" content=\"Votre Maquette Naissance Gratuite\" \/>\n<meta property=\"og:url\" content=\"https:\/\/paperandkraft.com\/shop\/votre-maquette-naissance-gratuite-2\/\" \/>\n<meta property=\"og:site_name\" content=\"PaperAndKraft\" \/>\n<meta property=\"article:publisher\" content=\"https:\/\/www.facebook.com\/paperandkraft\" \/>\n<meta property=\"article:modified_time\" content=\"2021-05-12T11:38:30+00:00\" \/>\n<meta name=\"twitter:card\" content=\"summary_large_image\" \/>\n<meta name=\"twitter:label1\" content=\"Dur\u00e9e de lecture estim\u00e9e\" \/>\n\t<meta name=\"twitter:data1\" content=\"1 minute\" \/>\n<!-- \/ Yoast SEO Premium plugin. -->","yoast_head_json":{"title":"Votre maquette de faire-part de Naissance Gratuite","description":"Demandez votre essai Gratuit","robots":{"index":"noindex","follow":"nofollow"},"og_locale":"fr_FR","og_type":"article","og_title":"Votre Maquette Naissance Gratuite","og_url":"https:\/\/paperandkraft.com\/shop\/votre-maquette-naissance-gratuite-2\/","og_site_name":"PaperAndKraft","article_publisher":"https:\/\/www.facebook.com\/paperandkraft","article_modified_time":"2021-05-12T11:38:30+00:00","twitter_card":"summary_large_image","twitter_misc":{"Dur\u00e9e de lecture estim\u00e9e":"1 minute"},"schema":{"@context":"https:\/\/schema.org","@graph":[{"@type":"WebPage","@id":"https:\/\/paperandkraft.com\/shop\/votre-maquette-naissance-gratuite-2\/","url":"https:\/\/paperandkraft.com\/shop\/votre-maquette-naissance-gratuite-2\/","name":"Votre maquette de faire-part de Naissance Gratuite","isPartOf":{"@id":"https:\/\/paperandkraft.com\/shop\/#website"},"datePublished":"2020-03-03T08:30:51+00:00","dateModified":"2021-05-12T11:38:30+00:00","description":"Demandez votre essai Gratuit","breadcrumb":{"@id":"https:\/\/paperandkraft.com\/shop\/votre-maquette-naissance-gratuite-2\/#breadcrumb"},"inLanguage":"fr-FR","potentialAction":[{"@type":"ReadAction","target":["https:\/\/paperandkraft.com\/shop\/votre-maquette-naissance-gratuite-2\/"]}]},{"@type":"BreadcrumbList","@id":"https:\/\/paperandkraft.com\/shop\/votre-maquette-naissance-gratuite-2\/#breadcrumb","itemListElement":[{"@type":"ListItem","position":1,"name":"Accueil","item":"https:\/\/paperandkraft.com\/shop\/"},{"@type":"ListItem","position":2,"name":"Votre Maquette Naissance Gratuite"}]},{"@type":"WebSite","@id":"https:\/\/paperandkraft.com\/shop\/#website","url":"https:\/\/paperandkraft.com\/shop\/","name":"PaperAndKraft","description":"Faire-part de mariage et naissance en papier recycl\u00e9","publisher":{"@id":"https:\/\/paperandkraft.com\/shop\/#organization"},"potentialAction":[{"@type":"SearchAction","target":{"@type":"EntryPoint","urlTemplate":"https:\/\/paperandkraft.com\/shop\/?s={search_term_string}"},"query-input":{"@type":"PropertyValueSpecification","valueRequired":true,"valueName":"search_term_string"}}],"inLanguage":"fr-FR"},{"@type":"Organization","@id":"https:\/\/paperandkraft.com\/shop\/#organization","name":"Paper And Kraft : Faire-Part","url":"https:\/\/paperandkraft.com\/shop\/","logo":{"@type":"ImageObject","inLanguage":"fr-FR","@id":"https:\/\/paperandkraft.com\/shop\/#\/schema\/logo\/image\/","url":"https:\/\/paperandkraft.com\/shop\/wp-content\/uploads\/2020\/03\/logo-2020-noir-1.png","contentUrl":"https:\/\/paperandkraft.com\/shop\/wp-content\/uploads\/2020\/03\/logo-2020-noir-1.png","width":350,"height":76,"caption":"Paper And Kraft : Faire-Part"},"image":{"@id":"https:\/\/paperandkraft.com\/shop\/#\/schema\/logo\/image\/"},"sameAs":["https:\/\/www.facebook.com\/paperandkraft","https:\/\/www.instagram.com\/paper_and_kraft\/","https:\/\/www.pinterest.fr\/paperandkraft\/"]}]}},"_links":{"self":[{"href":"https:\/\/paperandkraft.com\/shop\/wp-json\/wp\/v2\/pages\/16295","targetHints":{"allow":["GET"]}}],"collection":[{"href":"https:\/\/paperandkraft.com\/shop\/wp-json\/wp\/v2\/pages"}],"about":[{"href":"https:\/\/paperandkraft.com\/shop\/wp-json\/wp\/v2\/types\/page"}],"author":[{"embeddable":true,"href":"https:\/\/paperandkraft.com\/shop\/wp-json\/wp\/v2\/users\/1"}],"replies":[{"embeddable":true,"href":"https:\/\/paperandkraft.com\/shop\/wp-json\/wp\/v2\/comments?post=16295"}],"version-history":[{"count":0,"href":"https:\/\/paperandkraft.com\/shop\/wp-json\/wp\/v2\/pages\/16295\/revisions"}],"wp:attachment":[{"href":"https:\/\/paperandkraft.com\/shop\/wp-json\/wp\/v2\/media?parent=16295"}],"curies":[{"name":"wp","href":"https:\/\/api.w.org\/{rel}","templated":true}]}}