{"id":16144,"date":"2020-02-20T18:04:11","date_gmt":"2020-02-20T18:04:11","guid":{"rendered":"http:\/\/65degres.com\/65d\/?page_id=13103"},"modified":"2020-04-13T15:14:38","modified_gmt":"2020-04-13T15:14:38","slug":"politique-de-confidentialite-de-vos-donnees-personnelles","status":"publish","type":"page","link":"https:\/\/paperandkraft.com\/shop\/politique-de-confidentialite-de-vos-donnees-personnelles\/","title":{"rendered":"Politique de confidentialit\u00e9 de vos donn\u00e9es personnelles"},"content":{"rendered":"\n\n\t<section class=\"section\" id=\"section_1436778847\">\n\t\t<div class=\"section-bg fill\" >\n\t\t\t\t\t\t\t\t\t\n\t\t\t\n\n\t\t<\/div>\n\n\t\t\n\n\t\t<div class=\"section-content relative\">\n\t\t\t\n\n\t<div id=\"gap-1163463918\" class=\"gap-element clearfix\" style=\"display:block; height:auto;\">\n\t\t\n<style>\n#gap-1163463918 {\n  padding-top: 50px;\n}\n<\/style>\n\t<\/div>\n\t\n\n<div class=\"row\"  id=\"row-1874292224\">\n\n\n\t<div id=\"col-1701533835\" class=\"col small-12 large-12\"  >\n\t\t\t\t<div class=\"col-inner\"  >\n\t\t\t\n\t\t\t\n\n<div class=\"container section-title-container\" ><h1 class=\"section-title section-title-bold-center\"><b aria-hidden=\"true\"><\/b><span class=\"section-title-main\" >Politique de confidentialit\u00e9<\/span><b aria-hidden=\"true\"><\/b><\/h1><\/div>\n\n\n\t\t<\/div>\n\t\t\t\t\t<\/div>\n\n\t\n\n<\/div>\n<div class=\"row align-center\"  id=\"row-1751057020\">\n\n\n\t<div id=\"col-1580508740\" class=\"col small-10 large-12\"  >\n\t\t\t\t<div class=\"col-inner\"  >\n\t\t\t\n\t\t\t\n\n<div class=\"col col-12\">\n<p>Le respect de la confidentialit\u00e9 des donn\u00e9es personnelles de nos clients et des r\u00e9glementations en vigueur est tres important pour Paper &amp; Kraft<\/p>\n<p>&nbsp;<\/p>\n<\/div>\n<div class=\"col col-12\">\n<div class=\"headline\">\n<h2 class=\"heading\">Qui est responsable du traitement de vos donn\u00e9es personnelles ?<\/h2>\n<\/div>\n<p>C\u2019est Paper And Kraft. Vous pouvez nous contacter au sujet du traitement de vos donn\u00e9es personnelles par e-mail \u00e0 rgpd@paperandkraft.com ou par courrier postal au 18 rue Jacques Brel, 34530 Montagnac.<\/p>\n<\/div>\n<p>&nbsp;<\/p>\n<div class=\"col col-12\">\n<div class=\"headline\">\n<h2 class=\"heading\">Quelles donn\u00e9es personnelles collectons-nous ?<\/h2>\n<\/div>\n<p>Dans le seul but de mieux vous servir et de r\u00e9pondre \u00e0 vos exigences, nous collectons un certain nombre de donn\u00e9es qui vous sont personnelles :<\/p>\n<h3>Quand vous remplissez le forumaire de Personnalisation<\/h3>\n<p>Lorsque vous remplissez le formulaire de personnalisation de maquette gratuite ou bien de commande de faire-part sur notre site, vous envoyez sur nos serveurs vos textes et vos photos. Nous stockons ces \u00e9l\u00e9ments pour que nous puissions r\u00e9alis\u00e9es les maquettes et d<span style=\"font-size: 14.4px;\">ans ce cas, nous stockons a minima votre adresse email, qui vous sert d&#8217;identifiant pour acc\u00e9der \u00e0 votre compte. Selon ce que vous aurez renseign\u00e9, nous pouvons \u00e9galement stocker vos noms, pr\u00e9noms, adresses, num\u00e9ros de t\u00e9l\u00e9phone, comment vous avez pu nous conna\u00eetre, ainsi que vos photos personnelles. Vous pouvez \u00e9galement indiquer dans votre compte, si vous souhaitez ou non recevoir nos newsletters et nos offres, et si vous souhaitez ou non recevoir d&#8217;offres \u00e9ventuelles de nos partenaires que nous pourrions \u00e9galement vous envoyer.<\/span><\/p>\n<p>Si vous nous contactez par email, nous conserverons \u00e9galement les \u00e9changes que nous aurons pu avoir avec vous.<\/p>\n<h3>Quand vous r\u00e9alisez une commande sur notre site<\/h3>\n<p>Dans ce cas, en plus des donn\u00e9es pr\u00e9c\u00e9dentes, nous conservons l&#8217;historique de votre paiement (mais en aucun cas, votre num\u00e9ro de carte bancaire). Nous conservons donc la date et l&#8217;heure de votre paiement, ainsi que son montant. Nous conservons \u00e9galement tous les d\u00e9tails du ou des produits que vous aurez command\u00e9s chez nous.<br>Si vous nous contactez par email nous conserverons \u00e9galement les \u00e9changes que nous aurons pu avoir avec vous.<\/p>\n<h3>Quand vous vous inscrivez \u00e0 notre newsletter sans cr\u00e9er de compte<\/h3>\n<p>Vous pouvez saisir votre adresse e-mail sur notre site pour demander \u00e0 recevoir nos newsletters et nos offres. Dans ce cas, nous stockons bien entendu votre adresse e-mail uniquement pour envoyer nos newsletters et nos offres.<\/p>\n<p>&nbsp;<\/p>\n<\/div>\n<div class=\"col col-12\">\n<div class=\"headline\">\n<h2 class=\"heading\">Pourquoi collectons-nous vos donn\u00e9es personnelles ?<\/h2>\n<\/div>\n<p>Selon les cas, nous traitons vos donn\u00e9es personnelles pour les besoins :<\/p>\n<ul>\n<li>du fonctionnement et de la gestion de votre compte<\/li>\n<li>de l\u2019ex\u00e9cution de vos commandes, notamment la facturation, le paiement, la livraison et les \u00e9ventuels retours, et plus g\u00e9n\u00e9ralement de la gestion de la relation avec vous<\/li>\n<li>de l\u2019envoi de nos newsletters.<\/li>\n<\/ul>\n<\/div>\n<p>&nbsp;<\/p>\n<div class=\"col col-12\">\n<div class=\"headline\">\n<h2 class=\"heading\">Qu&#8217;est-ce qui nous autorise \u00e0 traiter vos donn\u00e9es personnelles ?<\/h2>\n<\/div>\n<p>Nous traitons vos donn\u00e9es personnelles li\u00e9es au fonctionnement et \u00e0 la gestion de votre compte ou \u00e0 l\u2019ex\u00e9cution de vos commandes et la gestion de la relation avec vous, car elles sont n\u00e9cessaires \u00e0 l\u2019ex\u00e9cution du contrat existant entre vous et Paper And Kraft.<\/p>\n<p>Nous traitons vos donn\u00e9es personnelles pour l\u2019envoi de nos newsletters, dans la mesure o\u00f9 vous y avez consenti ou parce que nous avons un int\u00e9r\u00eat l\u00e9gitime \u00e0 vous envoyer nos newsletters concernant des produits analogues \u00e0 ceux que vous avez pu commander.<\/p>\n<\/div>\n<p>&nbsp;<\/p>\n<div class=\"col col-12\">\n<div class=\"headline\">\n<h2 class=\"heading\">Newsletters et collaborations externes<\/h2>\n<\/div>\n<h3>Newsletters<\/h3>\n<p>Nous envoyons, \u00e0 une fr\u00e9quence mesur\u00e9e, des newsletters aux personnes qui souhaitent les recevoir. Seules les personnes inscrites \u00e0 notre newsletter ou sur notre site, et ayant coch\u00e9 l&#8217;option &#8220;Je souhaite b\u00e9n\u00e9ficier des offres de Rosemood.fr&#8221; dans leur compte personnel, re\u00e7oivent ces newsletters. Elles peuvent se d\u00e9sabonner \u00e0 tout moment par simple acc\u00e8s \u00e0 leur compte, ou en cliquant sur le lien pr\u00e9vu \u00e0 cette effet dans chaque e-mail envoy\u00e9.<br>En aucun cas, une newsletter ne pourra \u00eatre envoy\u00e9 \u00e0 quiconque n&#8217;en aura pas fait sp\u00e9cifiquement la demande sur notre site.<\/p>\n<h3>Collaborations externes<\/h3>\n<p>Dans le cadre de la promotion de nos offres et services, nous pouvons mettre en place des partenariats avec d&#8217;autres marques. Dans ces cas-l\u00e0, en aucun cas vos donn\u00e9es personnelles ne sont transmises \u00e0 nos partenaires. Nous ne mettons en place que des offres communes, que chaque partenaire diffuse \u00e0 ses propres inscrits.<\/p>\n<h3>Sans oublier<\/h3>\n<p>El\u00e9ment&nbsp;fondamental : nous ne commercialisons pas et ne commercialiserons jamais vos donn\u00e9es personnelles. C&#8217;est une \u00e9vidence pour nous.<\/p>\n<\/div>\n<p>&nbsp;<\/p>\n<div class=\"col col-12\">\n<div class=\"headline\">\n<h2 class=\"heading\">A qui sont transmises vos donn\u00e9es personnelles ?<\/h2>\n<\/div>\n<h3>Destinataires internes<\/h3>\n<p>Vos donn\u00e9es personnelles sont accessibles uniquement aux salari\u00e9s dePaper And Kraft en charge du fonctionnement et de la gestion des comptes, de l\u2019envoi de nos newsletters et\/ou de l\u2019ex\u00e9cution des commandes et plus g\u00e9n\u00e9ralement de la gestion de la relation avec vous.<\/p>\n<p>Certaines de vos donn\u00e9es personnelles sont \u00e9galement accessibles aux seuls sous-traitants partenaires indiqu\u00e9s ci-dessous qui sont susceptibles d\u2019intervenir dans le fonctionnement des comptes, dans l\u2019ex\u00e9cution des commandes ou encore dans l\u2019envoi de nos newsletters.<\/p>\n<h3>Sous-traitants partenaires<\/h3>\n<p>Comme toute entreprise, nous nous focalisons sur notre coeur de m\u00e9tier et ne savons pas tout faire ! Nous travaillons donc avec de nombreux partenaires sous-traitants externes, \u00e0 qui nous pouvons confier une partie de vos donn\u00e9es personnelles, toujours dans le but de satisfaire au mieux vos exigences. Nous nous assurons \u00e9videmment que ces partenaires respectent, eux-aussi la l\u00e9gislation en vigueur. Nous listons nos partenaires ci-dessous, en vous indiquant quel type de donn\u00e9es nous leur confions. Vous pouvez consulter leur politique de confidentialit\u00e9 sur les sites web que nous vous communiquons.<\/p>\n<p><a href=\"https:\/\/www.chronopost.fr\/fr\" target=\"_blank\" rel=\"noopener noreferrer\">Chronopost<\/a>&nbsp;: Chronopost op\u00e8re nos livraisons express. Nous leur confions vos noms, pr\u00e9noms, adresse de livraison, num\u00e9ro de t\u00e9l\u00e9phone et adresse e-mail<br><a href=\"https:\/\/www.laposte.fr\/colissimo\" target=\"_blank\" rel=\"noopener noreferrer\">Colissimo<\/a>&nbsp;&#8211; Groupe La Poste : Colissimo op\u00e8re nos livraisons standards.&nbsp;Nous leur confions vos noms, pr\u00e9noms, adresse de livraison, num\u00e9ro de t\u00e9l\u00e9phone et adresse e-mail<br>OVH : OVH est notre prestataire d&#8217;h\u00e9bergement. Toutes nos donn\u00e9es, et donc toutes les v\u00f4tres, sont stock\u00e9es chez eux, sur leurs serveurs.<\/p>\n<\/div>\n<p>&nbsp;<\/p>\n<div class=\"col col-12\">\n<div class=\"headline\">\n<h2 class=\"heading\">Quels sont vos droits sur les donn\u00e9es personnelles que nous traitons ?<\/h2>\n<\/div>\n<p>Vous pouvez \u00e0 tout moment modifier ou supprimer certaines de vos donn\u00e9es par simple acc\u00e8s \u00e0 votre compte, et vous pouvez \u00e0 tout moment supprimer votre compte par simple demande \u00e0&nbsp;<a href=\"mailto:rgpd@paperandkraft.com\">rgpd@paperandkraft.com<\/a>.<\/p>\n<p>Vous pouvez \u00e9galement, dans les limites et conditions de la l\u00e9gislation applicable&nbsp;:<\/p>\n<ul>\n<li>obtenir communication et, le cas \u00e9ch\u00e9ant, rectification ou effacement de vos donn\u00e9es personnelles ;<\/li>\n<li>obtenir la limitation du traitement de vos donn\u00e9es personnelles&nbsp;;<\/li>\n<li>selon le cas, retirer votre consentement ou vous opposer au traitement de vos donn\u00e9es personnelles pour l\u2019envoi de nos newsletters, en cliquant sur le lien pr\u00e9vu \u00e0 cet effet dans nos e-mails ou comme indiqu\u00e9 ci-dessous&nbsp;;<\/li>\n<li>obtenir une copie des donn\u00e9es personnelles que vous nous avez fournies, dans un format structur\u00e9 et courant aux fins de transmission \u00e0 un autre responsable de traitement&nbsp;;<\/li>\n<li>nous faire part de vos directives particuli\u00e8res sur le sort de vos donn\u00e9es personnelles en cas de d\u00e9c\u00e8s&nbsp;; \u00e0 d\u00e9faut, vos h\u00e9ritiers pourront faire valoir les droits qu\u2019ils tiennent de la l\u00e9gislation applicable, selon les modalit\u00e9s ci-dessous.<\/li>\n<\/ul>\n<p>Vous pouvez exercer l\u2019un ou l\u2019autre de ces droits en vous adressant \u00e0 Paper And Kraft \u00e0 <a href=\"mailto:rgpd@paperandkraft.com\">rgpd@paperandkraft.com<\/a>, et en justifiant de votre identit\u00e9. Les frais li\u00e9s \u00e0 l\u2019exercice de ces droits, notamment de r\u00e9alisation d\u2019une extraction ou d\u2019une copie de vos donn\u00e9es personnelles, vous seront factur\u00e9s en cas de demande injustifi\u00e9e ou excessive.<\/p>\n<p>Vous disposez \u00e9galement du droit d\u2019introduire une r\u00e9clamation aupr\u00e8s de la CNIL ou de toute autre autorit\u00e9 de contr\u00f4le comp\u00e9tente en cas de litige concernant le traitement ci-dessus de vos donn\u00e9es personnelles.<\/p>\n<\/div>\n<p>&nbsp;<\/p>\n<div class=\"col col-12\">\n<div class=\"headline\">\n<h2 class=\"heading\">Des questions ?<\/h2>\n<\/div>\n<p>Vous avez des questions, des remarques, des suggestions d&#8217;am\u00e9lioration ? Ou juste un message \u00e0 nous transmettre ? Nous sommes l\u00e0 pour vous, n&#8217;h\u00e9sitez pas : <a href=\"mailto:rgpd@paperandkraft.com\">rgpd@paperandkraft.com<\/a><\/p>\n<\/div>\n\n\t\t<\/div>\n\t\t\t\t\t<\/div>\n\n\t\n\n<\/div>\n\n\t\t<\/div>\n\n\t\t\n<style>\n#section_1436778847 {\n  padding-top: 20px;\n  padding-bottom: 20px;\n}\n<\/style>\n\t<\/section>\n\t\n","protected":false},"excerpt":{"rendered":"","protected":false},"author":1,"featured_media":0,"parent":0,"menu_order":0,"comment_status":"closed","ping_status":"closed","template":"","meta":{"_acf_changed":false,"inline_featured_image":false,"footnotes":""},"class_list":["post-16144","page","type-page","status-publish","hentry"],"acf":[],"yoast_head":"<!-- This site is optimized with the Yoast SEO Premium plugin v24.6 (Yoast SEO v27.2) - https:\/\/yoast.com\/product\/yoast-seo-premium-wordpress\/ -->\n<title>exemple de textes faire-part naissance<\/title>\n<meta name=\"description\" content=\"Vous \u00eates en panne d&#039;inspiration pour r\u00e9diger votre texte de faire-part de naissance ? Voici quelques exemples de texte originaux, dr\u00f4les , classiques ou fr\u00e8res et s\u0153urs\" \/>\n<meta name=\"robots\" content=\"noindex, nofollow\" \/>\n<meta property=\"og:locale\" content=\"fr_FR\" \/>\n<meta property=\"og:type\" content=\"article\" \/>\n<meta property=\"og:title\" content=\"Politique de confidentialit\u00e9 de vos donn\u00e9es personnelles\" \/>\n<meta property=\"og:url\" content=\"https:\/\/paperandkraft.com\/shop\/politique-de-confidentialite-de-vos-donnees-personnelles\/\" \/>\n<meta property=\"og:site_name\" content=\"PaperAndKraft\" \/>\n<meta property=\"article:publisher\" content=\"https:\/\/www.facebook.com\/paperandkraft\" \/>\n<meta property=\"article:modified_time\" content=\"2020-04-13T15:14:38+00:00\" \/>\n<meta name=\"twitter:card\" content=\"summary_large_image\" \/>\n<meta name=\"twitter:label1\" content=\"Dur\u00e9e de lecture estim\u00e9e\" \/>\n\t<meta name=\"twitter:data1\" content=\"7 minutes\" \/>\n<!-- \/ Yoast SEO Premium plugin. -->","yoast_head_json":{"title":"exemple de textes faire-part naissance","description":"Vous \u00eates en panne d'inspiration pour r\u00e9diger votre texte de faire-part de naissance ? Voici quelques exemples de texte originaux, dr\u00f4les , classiques ou fr\u00e8res et s\u0153urs","robots":{"index":"noindex","follow":"nofollow"},"og_locale":"fr_FR","og_type":"article","og_title":"Politique de confidentialit\u00e9 de vos donn\u00e9es personnelles","og_url":"https:\/\/paperandkraft.com\/shop\/politique-de-confidentialite-de-vos-donnees-personnelles\/","og_site_name":"PaperAndKraft","article_publisher":"https:\/\/www.facebook.com\/paperandkraft","article_modified_time":"2020-04-13T15:14:38+00:00","twitter_card":"summary_large_image","twitter_misc":{"Dur\u00e9e de lecture estim\u00e9e":"7 minutes"},"schema":{"@context":"https:\/\/schema.org","@graph":[{"@type":"WebPage","@id":"https:\/\/paperandkraft.com\/shop\/politique-de-confidentialite-de-vos-donnees-personnelles\/","url":"https:\/\/paperandkraft.com\/shop\/politique-de-confidentialite-de-vos-donnees-personnelles\/","name":"exemple de textes faire-part naissance","isPartOf":{"@id":"https:\/\/paperandkraft.com\/shop\/#website"},"datePublished":"2020-02-20T18:04:11+00:00","dateModified":"2020-04-13T15:14:38+00:00","description":"Vous \u00eates en panne d'inspiration pour r\u00e9diger votre texte de faire-part de naissance ? Voici quelques exemples de texte originaux, dr\u00f4les , classiques ou fr\u00e8res et s\u0153urs","breadcrumb":{"@id":"https:\/\/paperandkraft.com\/shop\/politique-de-confidentialite-de-vos-donnees-personnelles\/#breadcrumb"},"inLanguage":"fr-FR","potentialAction":[{"@type":"ReadAction","target":["https:\/\/paperandkraft.com\/shop\/politique-de-confidentialite-de-vos-donnees-personnelles\/"]}]},{"@type":"BreadcrumbList","@id":"https:\/\/paperandkraft.com\/shop\/politique-de-confidentialite-de-vos-donnees-personnelles\/#breadcrumb","itemListElement":[{"@type":"ListItem","position":1,"name":"Accueil","item":"https:\/\/paperandkraft.com\/shop\/"},{"@type":"ListItem","position":2,"name":"Politique de confidentialit\u00e9 de vos donn\u00e9es personnelles"}]},{"@type":"WebSite","@id":"https:\/\/paperandkraft.com\/shop\/#website","url":"https:\/\/paperandkraft.com\/shop\/","name":"PaperAndKraft","description":"Faire-part de mariage et naissance en papier recycl\u00e9","publisher":{"@id":"https:\/\/paperandkraft.com\/shop\/#organization"},"potentialAction":[{"@type":"SearchAction","target":{"@type":"EntryPoint","urlTemplate":"https:\/\/paperandkraft.com\/shop\/?s={search_term_string}"},"query-input":{"@type":"PropertyValueSpecification","valueRequired":true,"valueName":"search_term_string"}}],"inLanguage":"fr-FR"},{"@type":"Organization","@id":"https:\/\/paperandkraft.com\/shop\/#organization","name":"Paper And Kraft : Faire-Part","url":"https:\/\/paperandkraft.com\/shop\/","logo":{"@type":"ImageObject","inLanguage":"fr-FR","@id":"https:\/\/paperandkraft.com\/shop\/#\/schema\/logo\/image\/","url":"https:\/\/paperandkraft.com\/shop\/wp-content\/uploads\/2020\/03\/logo-2020-noir-1.png","contentUrl":"https:\/\/paperandkraft.com\/shop\/wp-content\/uploads\/2020\/03\/logo-2020-noir-1.png","width":350,"height":76,"caption":"Paper And Kraft : Faire-Part"},"image":{"@id":"https:\/\/paperandkraft.com\/shop\/#\/schema\/logo\/image\/"},"sameAs":["https:\/\/www.facebook.com\/paperandkraft","https:\/\/www.instagram.com\/paper_and_kraft\/","https:\/\/www.pinterest.fr\/paperandkraft\/"]}]}},"_links":{"self":[{"href":"https:\/\/paperandkraft.com\/shop\/wp-json\/wp\/v2\/pages\/16144","targetHints":{"allow":["GET"]}}],"collection":[{"href":"https:\/\/paperandkraft.com\/shop\/wp-json\/wp\/v2\/pages"}],"about":[{"href":"https:\/\/paperandkraft.com\/shop\/wp-json\/wp\/v2\/types\/page"}],"author":[{"embeddable":true,"href":"https:\/\/paperandkraft.com\/shop\/wp-json\/wp\/v2\/users\/1"}],"replies":[{"embeddable":true,"href":"https:\/\/paperandkraft.com\/shop\/wp-json\/wp\/v2\/comments?post=16144"}],"version-history":[{"count":0,"href":"https:\/\/paperandkraft.com\/shop\/wp-json\/wp\/v2\/pages\/16144\/revisions"}],"wp:attachment":[{"href":"https:\/\/paperandkraft.com\/shop\/wp-json\/wp\/v2\/media?parent=16144"}],"curies":[{"name":"wp","href":"https:\/\/api.w.org\/{rel}","templated":true}]}}