{"id":11,"date":"2015-07-22T14:40:44","date_gmt":"2015-07-22T14:40:44","guid":{"rendered":"http:\/\/paperandkraft.com\/shop\/?page_id=11"},"modified":"2021-03-02T23:01:29","modified_gmt":"2021-03-02T23:01:29","slug":"comment-ca-marche","status":"publish","type":"page","link":"https:\/\/paperandkraft.com\/shop\/comment-ca-marche\/","title":{"rendered":"comment \u00e7a marche"},"content":{"rendered":"\n<h2><strong>Personnaliser votre faire-part<\/strong><\/h2>\n<h3><strong>Une mise en page unique pour votre faire-part de mariage ou de naissance :<\/strong><\/h3>\n<p>Notre \u00e9quipe de graphistes a imagin\u00e9 pour chaque \u00e9v\u00e9nement de la vie plusieurs mod\u00e8les de faire-part, qu&#8217;il s&#8217;agisse de <strong>c\u00e9l\u00e9brer votre mariage<\/strong>, d&#8217;<strong>annoncer la naissance d\u2019un b\u00e9b<\/strong>\u00e9, ou encore de convier vos familles et proches \u00e0 son bapt\u00eame.<\/p>\n<p>Comme nous le soulignons plus haut, chez Paper and Kraft, nous portons beaucoup d&#8217;int\u00e9r\u00eat \u00e0 la personnalisation de nos mod\u00e8les, afin que le fond et la forme ne ressemblent \u00e0 aucun autre faire-part. Nous ne le rappellerons jamais assez, chez Paper and Kraft, \u00ab You are The Boss ! \u00bb<\/p>\n<p>Ainsi au lieu de d\u00e9velopper un outil de personnalisation de faire-part en ligne qui est parfois compliqu\u00e9 d\u2019utilisation et qui demande beaucoup de temps pour arriver \u00e0 avoir un r\u00e9sultat trop souvent \u00e9loign\u00e9 de nos d\u00e9sirs,\u00a0nous avons choisi que nous allions mettre non seulement les meilleurs graphistes sur le co\u00fbt mais surtout vous proposer notre exp\u00e9rience et notre savoir-faire en la mati\u00e8re. Ce sera <strong>un vrai travail d\u2019\u00e9quipe entre vous et nos professionnels de l\u2019image<\/strong><\/p>\n<h3><strong>Personnaliser votre faire-part.<\/strong><\/h3>\n<p>N&#8217;h\u00e9sitez pas \u00e0 nous demander si telle ou telle modification est possible, nous serons tr\u00e8s heureux de vous r\u00e9pondre.<\/p>\n<p>La mise en page de nos <strong>mod\u00e8les de faire-part <\/strong>est personnalis\u00e9e car chaque client est diff\u00e9rent et nous tenons \u00e0 ce que nos <strong>faire-part de mariage<\/strong> ou <strong>faire-part de naissance<\/strong> vous ressemblent. Pour ce qui est de la mise en page \u00e0 proprement parl\u00e9 de votre faire-part de mariage ou de naissance, c\u2019est un travail d\u2019\u00e9quipe et c\u2019est l\u00e0 qu\u2019il commence\u00a0:<\/p>\n<h4>Texte et mise en page de votre faire-part<\/h4>\n<p>Pendant votre commande sur le site, sur la page du mod\u00e8le de faire-part de naissance ou de mariage que vous aurez choisi, il vous est possible de taper votre texte que vous aurez brillamment imagin\u00e9 pendant ces longs mois pr\u00e9c\u00e9dent votre achat dans une zone de texte pr\u00e9vu \u00e0 cet effet. Vous pouvez aussi nous envoyer vos fichiers via un bouton dans la partie <strong>personnalisation <\/strong>ou tout simplement une fois la commande pass\u00e9e directement par Email, car nous sommes bien conscients que vous n&#8217;avez peut-\u00eatre pas encore r\u00e9fl\u00e9chi \u00e0 votre texte ou pris des photos lors de la commande. (Formats accept\u00e9s .doc, .odt, .jpg, .jpeg, .png, .pdf)<\/p>\n<p>Si vous \u00eates en panne d\u2019id\u00e9es nous vous proposons une s\u00e9lection de texte mariage ici et une s\u00e9lection de texte naissance l\u00e0.<\/p>\n<p>Notre \u00e9quipe vous proposera une <strong>mise en page a\u00e9r\u00e9e et \u00e9l\u00e9gante en fonction de la longueur et de la langue de votre texte<\/strong> ainsi que de la typographie choisie dans le menu d\u00e9roulant. Vous recevrez une \u00e9bauche par mail et vous pourrez modifier cette maquette jusqu&#8217;\u00e0 ce que la mise en page r\u00e9ponde \u00e0 vos attentes. De toute mani\u00e8re nous n&#8217;imprimons jamais sans avoir la validation du bat \u00e9lectronique (bon \u00e0 tirer re\u00e7u par mail)<\/p>\n<p>Si vous n\u2019arrivez pas \u00e0 vous d\u00e9cider quant au l\u2019aspect de la typographie, vous \u00eates libre de nous laisser le choix de cette derni\u00e8re et nous ferons en sorte qu\u2019elle soit en accord avec le style de faire-part que vous aurez retenu et en harmonie avec la mise en page.<\/p>\n<p>Si aucun des styles de caract\u00e8res ne vous convainc, vous \u00eates libre d\u2019en choisir une autre. Si celle-ci vous appartient, il vous suffit de nous l\u2019envoyer ou bien nous nous la procurerons si cette derni\u00e8re est libre de droits.<\/p>\n<h4>Mise en page d\u2019un \u00e9chantillon de faire-part<\/h4>\n<p><span style=\"color: #3366ff;\"><strong>Attention, nous ne r\u00e9alisons pas de mise en page sur les \u00e9chantillons de faire-part, ces derniers sont d\u00e9j\u00e0 imprim\u00e9s \u00e0 titre d&#8217;exemples. Il est donc inutile de nous envoyer votre texte, ce dernier ne sera pas pris en compte.<\/strong><\/span><\/p>\n<h4>Utilisations de photos dans votre faire-part de naissance<\/h4>\n<p>Tout comme votre texte, vous pouvez nous envoyer des photos gr\u00e2ce au bouton t\u00e9l\u00e9charger dans la zone personnalisation du mod\u00e8le de faire-part.<\/p>\n<p>Vous pouvez nous envoyez autant de photos que vous le souhaitez et nous en ferons un<strong> montage \u00e9l\u00e9gant<\/strong> ou bien nous les pars\u00e8merons tout au long de la<strong> mise en page en harmonie avec le faire-part choisi\u00a0<\/strong><\/p>\n<p>Toutefois il est important de noter que bien qu\u2019il n\u2019y est pas de restriction quant \u00e0 la quantit\u00e9 de photos, le format du faire-part n\u2019\u00e9tant pas modifiable (je crois que ce sont les seules limites \u00e0 votre pouvoir de cr\u00e9ation\u00a0!) ces derni\u00e8res risquent au final d\u2019\u00eatre petites. (Trop de photos tuent la photo\u00a0J)<\/p>\n<h4>Recadrage, Retouche et qualit\u00e9 de vos photos<\/h4>\n<p>Chez Paper and Kraft nous sommes conscient que nous n\u2019\u00eates pour la plus part pas des professionnels de la photographie ou du monde l\u2019image, sinon \u00e0 quoi servirions nous ? Nous nous permettons donc avec votre accord de retoucher, et recadrer si n\u00e9cessaire vos pr\u00e9cieuses photos afin qu\u2019elles s\u2019int\u00e8grent au mieux dans votre <strong>faire-part de naissance photos<\/strong>. Quant \u00e0 la d\u00e9finition de cette derni\u00e8re nous faisons tr\u00e8s attention et si besoin nous vous demanderons une autre image de meilleure qualit\u00e9.<\/p>\n<p>Quoiqu\u2019il en soit toutes ces \u00e9tapes se font en tandem avec vous, car on ne le redira jamais assez, <strong>chez Paper and Kraft nous voulons que le faire-part de naissance ou de mariage soit \u00e0 votre image ! \u00a0\u00a0<\/strong><\/p>\n<h3 data-fontsize=\"20\" data-lineheight=\"30\">Faire-part de mariage<\/h3>\n<p><span style=\"color: #3366ff;\"><em><span class=\"Style20\">Y a t\u2019il une illustration au dos des faire-part ?<\/span><\/em><\/span><br \/>Oui, que ce soit un\u00a0<strong>faire-part de mariage<\/strong>\u00a0ou de\u00a0<strong>naissance<\/strong>, un\u00a0<strong>menu<\/strong>\u00a0ou un\u00a0<strong>livre d\u2019or<\/strong>, tous nos mod\u00e8les ont une illustration rappelant le th\u00e8me au dos. (sauf les mod\u00e8les faire-part mariage et naissance en papier kraft)<\/p>\n<p><span style=\"color: #3366ff;\"><em><span class=\"Style20\">Peut-on modifier, ou supprimer le texte de la couverture d\u2019un faire-part ? Combien cela co\u00fbte-t-il ?<\/span><\/em><\/span><br \/>Oui, sans probl\u00e8me, c\u2019est votre faire-part et c\u2019est\u00a0<strong>gratuit<\/strong><\/p>\n<p><span style=\"color: #3366ff;\"><em><span class=\"Style20\">Peut-on modifier la couleur de l\u2019illustration d\u2019un mod\u00e8le? Combien cela co\u00fbte-t-il ?<\/span><\/em><\/span><br \/>Oui dans la limite du possible, mais nous ne garantissons en aucun cas le r\u00e9sultat. il n\u2019y pas de surco\u00fbt \u00e0 pr\u00e9voir.<\/p>\n<h3 class=\"Style11\" data-fontsize=\"20\" data-lineheight=\"30\">Faire-part de naissance<\/h3>\n<p><span style=\"color: #3366ff;\"><em><span class=\"Style20\">Peut-on modifier, ou supprimer le texte de la couverture d\u2019un faire-part ? Combien cela co\u00fbte-t-il ?<\/span><\/em><\/span><br \/>Oui, sans probl\u00e8me , c\u2019est votre\u00a0<strong>faire-part<\/strong>\u00a0et c\u2019est\u00a0<strong>gratuit<\/strong><\/p>\n<p><span style=\"color: #3366ff;\"><em><span class=\"Style20\">Peut-on modifier la couleur de l\u2019illustration d\u2019un mod\u00e8le? Combien cela co\u00fbte-t-il ?<\/span><\/em><\/span><br \/>Oui dans la limite du possible, mais nous ne garantissons en aucun cas le r\u00e9sultat. il n\u2019y pas de surco\u00fbt \u00e0 pr\u00e9voir.<\/p>\n<p><span style=\"color: #3366ff;\"><em><span class=\"Style20\">Avez vous des faire-part pour jumeaux ?<\/span><\/em><\/span><br \/>Nous avons des mod\u00e8le pour\u00a0<strong>jumeaux<\/strong>, cependant, tous nos\u00a0<strong>faire-part<\/strong>\u00a0sont\u00a0<strong>personnalisables<\/strong> donc nous pouvons les adapter pour qu\u2019ils correspondent \u00e0 vos attentes.<br \/>Exemple : pour le faire-part \u201cLa Plume\u201d, nous pouvons rajouter une plume d\u2019une autre couleur et changer le texte de la couverture\u2026 etc<\/p>\n<p><span style=\"color: #3366ff;\"><em><span class=\"Style20\">Peut-on imprimer une photo \u00e0 l\u2019int\u00e9rieur du faire-part ? Y a t il un surco\u00fbt ?<\/span><\/em><\/span><br \/>Oui nous pouvons imprimer une\u00a0<strong>photo<\/strong>\u00a0sur le\u00a0<strong>faire-part<\/strong>, mais nous ne pouvons en aucun cas \u00eatre tenu responsable de sa qualit\u00e9. Il n\u2018y a pas de surco\u00fbt \u00e0 pr\u00e9voir.<\/p>\n<h3 data-fontsize=\"20\" data-lineheight=\"30\">La livraison<\/h3>\n<p align=\"justify\">Lorsque vous aurez valid\u00e9 le bat re\u00e7u par email, les d\u00e9lais de livraison sont d\u2019environ 1 semaine \u00e0 15 jours maximum. (suivant le pays de destination). les frais de ports sont fonction du poids du colis et du pays de destination.<\/p>\n<ul class=\"fusion-checklist fusion-checklist-1\">\n<li class=\"fusion-li-item\"><i class=\"fusion-li-icon fa fa-exclamation-triangle\"><\/i>\n<div class=\"fusion-li-item-content\">Les Faire-part sont toujours livr\u00e9s avec leurs enveloppes assorties<\/div>\n<\/li>\n<li class=\"fusion-li-item\"><i class=\"fusion-li-icon fa fa-exclamation-triangle\"><\/i>\n<div class=\"fusion-li-item-content\">Les Faire-part des collections mariage Beautiful Colors &amp; Beautiful Places sont livr\u00e9s \u00e0 plat et rain\u00e9s<\/div>\n<\/li>\n<li class=\"fusion-li-item\"><i class=\"fusion-li-icon fa fa-exclamation-triangle\"><\/i>\n<div class=\"fusion-li-item-content\">Les Faire-part de la collection mariage Beautiful Earth sont livr\u00e9s perfor\u00e9s, accompagn\u00e9 d une ficelle de lin mais non reli\u00e9s<\/div>\n<\/li>\n<li class=\"fusion-li-item\"><i class=\"fusion-li-icon fa fa-exclamation-triangle\"><\/i>\n<div class=\"fusion-li-item-content\">Les Faire-part de la collection naissance\u00a0Kids sont livr\u00e9s \u00e0 plat et rain\u00e9s<\/div>\n<\/li>\n<li class=\"fusion-li-item\"><i class=\"fusion-li-icon fa fa-exclamation-triangle\"><\/i>\n<div class=\"fusion-li-item-content\">Les Faire-part de la collection naissance Little Earth sont livr\u00e9s perfor\u00e9s, accompagn\u00e9s d&#8217;une ficelle de lin mais non reli\u00e9s<\/div>\n<\/li>\n<\/ul>\n\n","protected":false},"excerpt":{"rendered":"","protected":false},"author":1,"featured_media":0,"parent":0,"menu_order":0,"comment_status":"closed","ping_status":"open","template":"","meta":{"_acf_changed":false,"inline_featured_image":false,"footnotes":""},"class_list":["post-11","page","type-page","status-publish","hentry"],"acf":[],"yoast_head":"<!-- This site is optimized with the Yoast SEO Premium plugin v24.6 (Yoast SEO v27.4) - https:\/\/yoast.com\/product\/yoast-seo-premium-wordpress\/ -->\n<title>Personnalisation des faire-part<\/title>\n<meta name=\"description\" content=\"Vous souhaitez commander des faire-part chez Paperandkraft mais comment fait on pour personnaliser ? toutes Les r\u00e9ponses \u00e0 vos questions sont ici.\" \/>\n<meta name=\"robots\" content=\"index, follow, max-snippet:-1, max-image-preview:large, max-video-preview:-1\" \/>\n<link rel=\"canonical\" href=\"https:\/\/paperandkraft.com\/shop\/comment-ca-marche\/\" \/>\n<meta property=\"og:locale\" content=\"fr_FR\" \/>\n<meta property=\"og:type\" content=\"article\" \/>\n<meta property=\"og:title\" content=\"comment \u00e7a marche\" \/>\n<meta property=\"og:description\" content=\"Personnaliser votre faire-part Une mise en page unique pour votre faire-part de mariage ou de naissance : Notre \u00e9quipe de graphistes a imagin\u00e9 pour chaque\" \/>\n<meta property=\"og:url\" content=\"https:\/\/paperandkraft.com\/shop\/comment-ca-marche\/\" \/>\n<meta property=\"og:site_name\" content=\"PaperAndKraft\" \/>\n<meta property=\"article:publisher\" content=\"https:\/\/www.facebook.com\/paperandkraft\" \/>\n<meta property=\"article:modified_time\" content=\"2021-03-02T23:01:29+00:00\" \/>\n<meta name=\"twitter:card\" content=\"summary_large_image\" \/>\n<meta name=\"twitter:label1\" content=\"Dur\u00e9e de lecture estim\u00e9e\" \/>\n\t<meta name=\"twitter:data1\" content=\"7 minutes\" \/>\n<!-- \/ Yoast SEO Premium plugin. -->","yoast_head_json":{"title":"Personnalisation des faire-part","description":"Vous souhaitez commander des faire-part chez Paperandkraft mais comment fait on pour personnaliser ? toutes Les r\u00e9ponses \u00e0 vos questions sont ici.","robots":{"index":"index","follow":"follow","max-snippet":"max-snippet:-1","max-image-preview":"max-image-preview:large","max-video-preview":"max-video-preview:-1"},"canonical":"https:\/\/paperandkraft.com\/shop\/comment-ca-marche\/","og_locale":"fr_FR","og_type":"article","og_title":"comment \u00e7a marche","og_description":"Personnaliser votre faire-part Une mise en page unique pour votre faire-part de mariage ou de naissance : Notre \u00e9quipe de graphistes a imagin\u00e9 pour chaque","og_url":"https:\/\/paperandkraft.com\/shop\/comment-ca-marche\/","og_site_name":"PaperAndKraft","article_publisher":"https:\/\/www.facebook.com\/paperandkraft","article_modified_time":"2021-03-02T23:01:29+00:00","twitter_card":"summary_large_image","twitter_misc":{"Dur\u00e9e de lecture estim\u00e9e":"7 minutes"},"schema":{"@context":"https:\/\/schema.org","@graph":[{"@type":"WebPage","@id":"https:\/\/paperandkraft.com\/shop\/comment-ca-marche\/","url":"https:\/\/paperandkraft.com\/shop\/comment-ca-marche\/","name":"Personnalisation des faire-part","isPartOf":{"@id":"https:\/\/paperandkraft.com\/shop\/#website"},"datePublished":"2015-07-22T14:40:44+00:00","dateModified":"2021-03-02T23:01:29+00:00","description":"Vous souhaitez commander des faire-part chez Paperandkraft mais comment fait on pour personnaliser ? toutes Les r\u00e9ponses \u00e0 vos questions sont ici.","breadcrumb":{"@id":"https:\/\/paperandkraft.com\/shop\/comment-ca-marche\/#breadcrumb"},"inLanguage":"fr-FR","potentialAction":[{"@type":"ReadAction","target":["https:\/\/paperandkraft.com\/shop\/comment-ca-marche\/"]}]},{"@type":"BreadcrumbList","@id":"https:\/\/paperandkraft.com\/shop\/comment-ca-marche\/#breadcrumb","itemListElement":[{"@type":"ListItem","position":1,"name":"Accueil","item":"https:\/\/paperandkraft.com\/shop\/"},{"@type":"ListItem","position":2,"name":"comment \u00e7a marche"}]},{"@type":"WebSite","@id":"https:\/\/paperandkraft.com\/shop\/#website","url":"https:\/\/paperandkraft.com\/shop\/","name":"PaperAndKraft","description":"Faire-part de mariage et naissance en papier recycl\u00e9","publisher":{"@id":"https:\/\/paperandkraft.com\/shop\/#organization"},"potentialAction":[{"@type":"SearchAction","target":{"@type":"EntryPoint","urlTemplate":"https:\/\/paperandkraft.com\/shop\/?s={search_term_string}"},"query-input":{"@type":"PropertyValueSpecification","valueRequired":true,"valueName":"search_term_string"}}],"inLanguage":"fr-FR"},{"@type":"Organization","@id":"https:\/\/paperandkraft.com\/shop\/#organization","name":"Paper And Kraft : Faire-Part","url":"https:\/\/paperandkraft.com\/shop\/","logo":{"@type":"ImageObject","inLanguage":"fr-FR","@id":"https:\/\/paperandkraft.com\/shop\/#\/schema\/logo\/image\/","url":"https:\/\/paperandkraft.com\/shop\/wp-content\/uploads\/2020\/03\/logo-2020-noir-1.png","contentUrl":"https:\/\/paperandkraft.com\/shop\/wp-content\/uploads\/2020\/03\/logo-2020-noir-1.png","width":350,"height":76,"caption":"Paper And Kraft : Faire-Part"},"image":{"@id":"https:\/\/paperandkraft.com\/shop\/#\/schema\/logo\/image\/"},"sameAs":["https:\/\/www.facebook.com\/paperandkraft","https:\/\/www.instagram.com\/paper_and_kraft\/","https:\/\/www.pinterest.fr\/paperandkraft\/"]}]}},"_links":{"self":[{"href":"https:\/\/paperandkraft.com\/shop\/wp-json\/wp\/v2\/pages\/11","targetHints":{"allow":["GET"]}}],"collection":[{"href":"https:\/\/paperandkraft.com\/shop\/wp-json\/wp\/v2\/pages"}],"about":[{"href":"https:\/\/paperandkraft.com\/shop\/wp-json\/wp\/v2\/types\/page"}],"author":[{"embeddable":true,"href":"https:\/\/paperandkraft.com\/shop\/wp-json\/wp\/v2\/users\/1"}],"replies":[{"embeddable":true,"href":"https:\/\/paperandkraft.com\/shop\/wp-json\/wp\/v2\/comments?post=11"}],"version-history":[{"count":0,"href":"https:\/\/paperandkraft.com\/shop\/wp-json\/wp\/v2\/pages\/11\/revisions"}],"wp:attachment":[{"href":"https:\/\/paperandkraft.com\/shop\/wp-json\/wp\/v2\/media?parent=11"}],"curies":[{"name":"wp","href":"https:\/\/api.w.org\/{rel}","templated":true}]}}